{"id":1205,"date":"2026-02-21T13:53:06","date_gmt":"2026-02-21T12:53:06","guid":{"rendered":"https:\/\/biznjp.com\/?page_id=1205"},"modified":"2026-02-21T13:56:49","modified_gmt":"2026-02-21T12:56:49","slug":"produttore-di-borse-tote-personalizzate","status":"publish","type":"page","link":"https:\/\/biznjp.com\/it\/produttore-di-borse-tote-personalizzate\/","title":{"rendered":"Impianto di produzione di borse tote personalizzate"},"content":{"rendered":"<div data-elementor-type=\"wp-page\" data-elementor-id=\"1205\" class=\"elementor elementor-1205\" data-elementor-post-type=\"page\">\n\t\t\t\t<div class=\"elementor-element elementor-element-249042fd e-flex e-con-boxed e-con e-parent\" data-id=\"249042fd\" data-element_type=\"container\">\n\t\t\t\t\t<div class=\"e-con-inner\">\n\t\t\t\t<div class=\"elementor-element elementor-element-32babd1d elementor-widget elementor-widget-text-editor\" data-id=\"32babd1d\" data-element_type=\"widget\" data-widget_type=\"text-editor.default\">\n\t\t\t\t\t\t\t\t\t<p><style>\n    \/* Base Styles *\/\n    :root {\n        --primary-color: #003366;\n        --secondary-color: #0056b3;\n        --background-light: #f4f7fb;\n        --text-main: #333333;\n        --text-muted: #666666;\n    }\n\n    body {\n        font-family: 'Segoe UI', Roboto, Helvetica, Arial, sans-serif;\n        line-height: 1.8;\n        color: var(--text-main);\n        margin: 0;\n        padding: 0;\n        background-color: #ffffff;\n    }\n\n    \/* In-Text Link Styling *\/\n    a.in-text-link {\n        color: var(--secondary-color);\n        text-decoration: none;\n        font-weight: 600;\n        transition: color 0.2s ease;\n    }\n\n    a.in-text-link:hover {\n        color: var(--primary-color);\n        text-decoration: underline;\n    }\n\n    \/* Hero Section *\/\n    .facility-hero {\n        background-color: var(--background-light);\n        padding: 80px 20px;\n        text-align: center;\n        border-bottom: 1px solid #eaeaea;\n    }\n\n    .facility-hero h1 {\n        color: var(--primary-color);\n        font-size: 3rem;\n        margin-bottom: 20px;\n        line-height: 1.2;\n    }\n\n    .facility-hero p.lead {\n        max-width: 900px;\n        margin: 0 auto;\n        font-size: 1.25rem;\n        color: var(--text-muted);\n    }\n\n    .quick-facts {\n        display: flex;\n        justify-content: center;\n        flex-wrap: wrap;\n        gap: 20px;\n        margin-top: 30px;\n    }\n\n    .quick-facts span {\n        background: rgba(0, 86, 179, 0.1);\n        color: var(--secondary-color);\n        padding: 8px 16px;\n        border-radius: 4px;\n        font-weight: 600;\n        font-size: 1rem;\n    }\n\n    \/* Main Content Container *\/\n    .content-container {\n        max-width: 1200px;\n        margin: 60px auto;\n        padding: 0 20px;\n    }\n\n    \/* Text-Wrapped Image Styling *\/\n    .image-wrapper {\n        float: right;\n        width: 45%;\n        margin: 0 0 30px 40px;\n    }\n\n    .featured-image {\n        width: 100%;\n        height: auto;\n        border-radius: 8px;\n        box-shadow: 0 4px 15px rgba(0,0,0,0.1);\n        display: block;\n    }\n\n    \/* Text Layouts *\/\n    .text-section {\n        margin-bottom: 50px;\n    }\n\n    .text-section h2 {\n        color: var(--primary-color);\n        font-size: 2.2rem;\n        margin-bottom: 20px;\n        border-bottom: 3px solid var(--secondary-color);\n        display: inline-block;\n        padding-bottom: 5px;\n    }\n\n    .text-section h3 {\n        color: var(--primary-color);\n        font-size: 1.5rem;\n        margin-top: 30px;\n        margin-bottom: 15px;\n    }\n\n    .text-section p {\n        font-size: 1.1rem;\n        margin-bottom: 20px;\n    }\n\n    \/* Clearfix for Text Sections *\/\n    .clearfix::after {\n        content: \"\";\n        clear: both;\n        display: table;\n    }\n\n    \/* Two Column Grid for Capabilities *\/\n    .capabilities-grid {\n        display: grid;\n        grid-template-columns: repeat(auto-fit, minmax(450px, 1fr));\n        gap: 40px;\n        margin-top: 40px;\n        margin-bottom: 60px;\n        clear: both; \/* Forces grid below the floating image *\/\n    }\n\n    .capability-box {\n        background: var(--background-light);\n        padding: 30px;\n        border-radius: 8px;\n        border-left: 5px solid var(--secondary-color);\n    }\n\n    .capability-box h4 {\n        color: var(--primary-color);\n        font-size: 1.3rem;\n        margin-top: 0;\n        margin-bottom: 15px;\n    }\n\n    .capability-box p {\n        font-size: 1.05rem;\n        margin-bottom: 0;\n    }\n\n    \/* Call to Action *\/\n    .cta-section {\n        background-color: var(--primary-color);\n        color: #ffffff;\n        text-align: center;\n        padding: 80px 20px;\n        margin-top: 60px;\n        clear: both;\n    }\n\n    .cta-section h2 {\n        margin-top: 0;\n        font-size: 2.5rem;\n    }\n\n    .cta-button {\n        display: inline-block;\n        margin-top: 30px;\n        padding: 18px 40px;\n        background-color: var(--secondary-color);\n        color: #ffffff;\n        text-decoration: none;\n        font-size: 1.1rem;\n        font-weight: bold;\n        border-radius: 5px;\n        transition: background-color 0.3s;\n    }\n\n    .cta-button:hover {\n        background-color: #004494;\n    }\n\n    \/* Responsive Design for Mobile *\/\n    @media (max-width: 900px) {\n        .image-wrapper {\n            float: none;\n            width: 100%;\n            margin: 0 0 30px 0;\n        }\n    }\n\n    @media (max-width: 768px) {\n        .facility-hero h1 { font-size: 2.2rem; }\n        .capabilities-grid { grid-template-columns: 1fr; }\n    }\n<\/style><\/p>\n<section class=\"facility-hero\">\n<h1>Impianto di produzione di borse tote personalizzate<\/h1>\n<p class=\"lead\">Una divisione altamente specializzata all'interno di Biz Njp <a class=\"in-text-link\" href=\"https:\/\/biznjp.com\/it\/impianti-di-produzione-personalizzati\/\">impianti di produzione personalizzati<\/a>Produciamo borse riutilizzabili di alta qualit\u00e0 all'ingrosso, borse promozionali personalizzate e imballaggi commerciali per la vendita al dettaglio.<\/p>\n<div class=\"quick-facts\">Fondata: 2006 Dimensioni della struttura: 1.500 mq Focus: taglio, cucito e stampa<\/div>\n<\/section>\n<div class=\"content-container clearfix\">\n<div class=\"text-section\">\n<h2>Il tuo fornitore diretto di borse riutilizzabili all'ingrosso<\/h2>\n<p>Con l'abbandono della plastica monouso nel panorama della vendita al dettaglio globale, la domanda di imballaggi riutilizzabili e di alta qualit\u00e0 non \u00e8 mai stata cos\u00ec alta. Fondato nel 2006, il nostro stabilimento di produzione di borse personalizzate di 1.500 metri quadrati \u00e8 meticolosamente progettato per soddisfare questa domanda. Operiamo come partner di produzione diretto per marchi di vendita al dettaglio, organizzatori di eventi aziendali e catene di supermercati in tutto il mondo.<\/p>\n<p>A differenza dei distributori promozionali standard che si limitano a stampare i loghi su borse generiche pre-confezionate, Biz Njp controlla l'intero processo di fabbricazione. Dalla selezione del tessuto grezzo all'esecuzione di complesse stampe multicolore e cuciture commerciali rinforzate, le nostre linee di produzione interne garantiscono che il vostro marchio sia rappresentato da un prodotto durevole e di alta qualit\u00e0 a prezzi all'ingrosso direttamente dalla fabbrica.<\/p>\n<\/div>\n<div class=\"text-section\">\n<h3>Il nostro processo di produzione in 3 fasi<\/h3>\n<p><strong>1. Approvvigionamento del tessuto e taglio di precisione:<\/strong> Utilizziamo tessuti naturali di alta qualit\u00e0 (cotone, tela e juta) e sintetici resistenti (tessuti in PP e non tessuti). Poich\u00e9 operiamo a stretto contatto con i nostri <a class=\"in-text-link\" href=\"\/it\/industrial-jute-mill-wholesale-burlap-sack-manufacturer\/\">Mulino industriale di iuta<\/a>, abbiamo un accesso senza pari a materie prime sostenibili. Le fustellatrici automatizzate garantiscono la massima coerenza nelle dimensioni delle borse e nella lunghezza delle cinghie.<\/p>\n<p><strong>2. Stampa e branding personalizzati:<\/strong> Prima di cucire le borse, i pannelli di tessuto piatto passano attraverso il nostro reparto stampa dedicato. Utilizziamo tecniche avanzate di serigrafia, trasferimento termico e flessografia a colori per garantire loghi nitidi e vivaci che non si sfaldano n\u00e9 sbiadiscono dopo un uso intenso.<\/p>\n<p><strong>3. Cucito e rifinitura commerciale:<\/strong> Il nostro reparto di cucito commerciale \u00e8 gestito da esperti artigiani tessili. Ogni borsa presenta cuciture rinforzate a punto croce sulle giunture dei manici e cuciture resistenti per garantire una capacit\u00e0 di carico superiore per l'uso al dettaglio e nei negozi di alimentari.<\/p>\n<\/div>\n<div class=\"text-section clearfix\">\n<h2>Capacit\u00e0 di produzione personalizzate<\/h2>\n<p>Non crediamo che esista una soluzione unica per tutti. La nostra struttura \u00e8 attrezzata per gestire diverse produzioni personalizzate, consentendoti di scegliere il materiale, le dimensioni, la larghezza del soffietto, la lunghezza del manico e lo stile di chiusura delle tue borse tote all'ingrosso.<\/p>\n<div class=\"capabilities-grid\">\n<div class=\"capability-box\">\n<h4>Borse in cotone naturale e tela<\/h4>\n<p>Il punto di riferimento per la vendita al dettaglio di articoli di lusso e per omaggi promozionali di alta qualit\u00e0. Produciamo borse tote personalizzate in cotone e tela resistente, che offrono una sensazione morbida e naturale, con un'eccellente superficie liscia per la stampa di loghi complessi e ad alta fedelt\u00e0.<\/p>\n<\/div>\n<div class=\"capability-box\">\n<h4>Borse di tela di iuta ecologiche<\/h4>\n<p>Sfruttando l'estetica rustica ed ecosostenibile, le nostre borse in juta personalizzate sono incredibilmente apprezzate dai marchi di prodotti alimentari biologici, dai mercati agricoli e dai regali aziendali sostenibili. Sono biodegradabili al 100% e presentano un'estrema resistenza alla trazione.<\/p>\n<\/div>\n<div class=\"capability-box\">\n<h4>Borse riutilizzabili in PP non tessuto<\/h4>\n<p>La soluzione economicamente vantaggiosa per la grande distribuzione, le fiere e le casse dei supermercati. Le borse in tessuto non tessuto in PP sono leggere, resistenti ai liquidi e molto economiche, offrendo al contempo una superficie di stampa ampia e ampia per stampe promozionali a copertura totale.<\/p>\n<\/div>\n<div class=\"capability-box\">\n<h4>Borse per la spesa in tessuto PP<\/h4>\n<p>Progettate per carichi pesanti e per una lunga durata, le borse in PP intrecciato sono i pesi massimi del settore delle borse riutilizzabili. Dotate di una finitura laminata lucida o opaca, queste borse offrono una stampa personalizzata di qualit\u00e0 fotografica e una protezione impermeabile.<\/p>\n<\/div>\n<\/div>\n<\/div>\n<div class=\"text-section\">\n<h2>Garanzia di qualit\u00e0 e preparazione alla vendita al dettaglio<\/h2>\n<p>Una tote bag promozionale \u00e8 un riflesso della qualit\u00e0 del tuo marchio; se un manico si rompe, danneggia la tua reputazione. Il nostro team di controllo qualit\u00e0 esegue rigorosi test di stress in fabbrica. Verifichiamo la capacit\u00e0 di carico del manico, la resistenza allo strappo delle cuciture e la resistenza alla stampa. Offriamo anche servizi completi di finitura pronti per la vendita al dettaglio, tra cui cartellini personalizzati, etichettatura con codice a barre e confezionamento in polietilene individuale, garantendo che i tuoi prodotti arrivino pronti per essere venduti sugli scaffali.<\/p>\n<\/div>\n<\/div>\n<section class=\"cta-section\">\n<h2>Progetta la tua produzione personalizzata<\/h2>\n<p style=\"font-size: 1.2rem; max-width: 700px; margin: 0 auto;\">Evita gli intermediari promozionali e lavora direttamente con il produttore. Contatta Biz Njp oggi stesso per richiedere campioni di tessuto, discutere le opzioni di stampa personalizzate e ottenere un preventivo all'ingrosso per le tue borse tote.<\/p>\n<a class=\"cta-button\" href=\"\/it\/contact\/\">Richiedi un preventivo di produzione personalizzato<\/a><\/section>\t\t\t\t\t\t\t\t<\/div>\n\t\t\t\t\t<\/div>\n\t\t\t\t<\/div>\n\t\t\t\t<\/div>","protected":false},"excerpt":{"rendered":"<p>Custom Tote Bag Manufacturing Facility A highly specialized division within Biz Njp&#8217;s custom manufacturing facilities. We produce premium wholesale reusable bags, custom printed promotional totes, and commercial retail packaging. Founded: 2006Facility Size: 1,500 sqmFocus: Cutting, Sewing &amp; Printing Your Direct Source for Wholesale Reusable Bags As the global retail landscape shifts away from single-use plastics, [&#8230;]","protected":false},"author":1,"featured_media":0,"parent":0,"menu_order":0,"comment_status":"closed","ping_status":"closed","template":"","meta":{"footnotes":""},"class_list":["post-1205","page","type-page","status-publish","hentry"],"yoast_head":"<!-- This site is optimized with the Yoast SEO Premium plugin v26.6 (Yoast SEO v26.6) - https:\/\/yoast.com\/wordpress\/plugins\/seo\/ -->\n<title>Custom Tote Bag Manufacturer | Wholesale Reusable Bags<\/title>\n<meta name=\"description\" content=\"Source wholesale reusable bags directly from Biz Njp&#039;s 1,500 sqm custom tote bag manufacturing facility. We produce custom totes.\" \/>\n<meta name=\"robots\" content=\"index, follow, max-snippet:-1, max-image-preview:large, max-video-preview:-1\" \/>\n<link rel=\"canonical\" href=\"https:\/\/biznjp.com\/it\/produttore-di-borse-tote-personalizzate\/\" \/>\n<meta property=\"og:locale\" content=\"it_IT\" \/>\n<meta property=\"og:type\" content=\"article\" \/>\n<meta property=\"og:title\" content=\"Custom Tote Bag Manufacturing Facility\" \/>\n<meta property=\"og:description\" content=\"Source wholesale reusable bags directly from Biz Njp&#039;s 1,500 sqm custom tote bag manufacturing facility. We produce custom totes.\" \/>\n<meta property=\"og:url\" content=\"https:\/\/biznjp.com\/it\/produttore-di-borse-tote-personalizzate\/\" \/>\n<meta property=\"og:site_name\" content=\"Biz Njp\" \/>\n<meta property=\"article:publisher\" content=\"https:\/\/www.facebook.com\/raphsfitness\" \/>\n<meta property=\"article:modified_time\" content=\"2026-02-21T12:56:49+00:00\" \/>\n<meta property=\"og:image\" content=\"https:\/\/biznjp.com\/wp-content\/uploads\/2026\/01\/Sustainable-Jute-Cotton-Bags-Eco-Friendly-Packaging-Manufacturer-Bangladesh-B2B-Wholesale-for-EU-US-Brands.png\" \/>\n\t<meta property=\"og:image:width\" content=\"2000\" \/>\n\t<meta property=\"og:image:height\" content=\"1200\" \/>\n\t<meta property=\"og:image:type\" content=\"image\/png\" \/>\n<meta name=\"twitter:card\" content=\"summary_large_image\" \/>\n<meta name=\"twitter:site\" content=\"@Biznjp_EcoPack\" \/>\n<meta name=\"twitter:label1\" content=\"Tempo di lettura stimato\" \/>\n\t<meta name=\"twitter:data1\" content=\"3 minuti\" \/>\n<script type=\"application\/ld+json\" class=\"yoast-schema-graph\">{\"@context\":\"https:\/\/schema.org\",\"@graph\":[{\"@type\":\"WebPage\",\"@id\":\"https:\/\/biznjp.com\/custom-tote-bag-manufacturer\/\",\"url\":\"https:\/\/biznjp.com\/custom-tote-bag-manufacturer\/\",\"name\":\"Custom Tote Bag Manufacturer | Wholesale Reusable Bags\",\"isPartOf\":{\"@id\":\"https:\/\/biznjp.com\/#website\"},\"datePublished\":\"2026-02-21T12:53:06+00:00\",\"dateModified\":\"2026-02-21T12:56:49+00:00\",\"description\":\"Source wholesale reusable bags directly from Biz Njp's 1,500 sqm custom tote bag manufacturing facility. We produce custom totes.\",\"breadcrumb\":{\"@id\":\"https:\/\/biznjp.com\/custom-tote-bag-manufacturer\/#breadcrumb\"},\"inLanguage\":\"it-IT\",\"potentialAction\":[{\"@type\":\"ReadAction\",\"target\":[\"https:\/\/biznjp.com\/custom-tote-bag-manufacturer\/\"]}]},{\"@type\":\"BreadcrumbList\",\"@id\":\"https:\/\/biznjp.com\/custom-tote-bag-manufacturer\/#breadcrumb\",\"itemListElement\":[{\"@type\":\"ListItem\",\"position\":1,\"name\":\"Home\",\"item\":\"https:\/\/biznjp.com\/\"},{\"@type\":\"ListItem\",\"position\":2,\"name\":\"Custom Tote Bag Manufacturing Facility\"}]},{\"@type\":\"WebSite\",\"@id\":\"https:\/\/biznjp.com\/#website\",\"url\":\"https:\/\/biznjp.com\/\",\"name\":\"Biz Njp: Packaging, Apparel & Handicrafts\",\"description\":\"Sustainable Jute &amp; Cotton Bags, Eco-Friendly Packaging Manufacturer Bangladesh | B2B Wholesale for EU &amp; US Brands\",\"publisher\":{\"@id\":\"https:\/\/biznjp.com\/#organization\"},\"alternateName\":\"Biz Njp Manufacturing\",\"potentialAction\":[{\"@type\":\"SearchAction\",\"target\":{\"@type\":\"EntryPoint\",\"urlTemplate\":\"https:\/\/biznjp.com\/?s={search_term_string}\"},\"query-input\":{\"@type\":\"PropertyValueSpecification\",\"valueRequired\":true,\"valueName\":\"search_term_string\"}}],\"inLanguage\":\"it-IT\"},{\"@type\":\"Organization\",\"@id\":\"https:\/\/biznjp.com\/#organization\",\"name\":\"Biz Njp: Packaging, Apparel & Merchandise\",\"alternateName\":\"Biz Njp\",\"url\":\"https:\/\/biznjp.com\/\",\"logo\":{\"@type\":\"ImageObject\",\"inLanguage\":\"it-IT\",\"@id\":\"https:\/\/biznjp.com\/#\/schema\/logo\/image\/\",\"url\":\"https:\/\/biznjp.com\/wp-content\/uploads\/2025\/12\/Biz-Njp-Logo.png\",\"contentUrl\":\"https:\/\/biznjp.com\/wp-content\/uploads\/2025\/12\/Biz-Njp-Logo.png\",\"width\":1563,\"height\":1563,\"caption\":\"Biz Njp: Packaging, Apparel & Merchandise\"},\"image\":{\"@id\":\"https:\/\/biznjp.com\/#\/schema\/logo\/image\/\"},\"sameAs\":[\"https:\/\/www.facebook.com\/raphsfitness\",\"https:\/\/x.com\/Biznjp_EcoPack\",\"https:\/\/www.youtube.com\/@BizNJP_SustainablePackaging\",\"https:\/\/www.instagram.com\/biznjp\/\",\"https:\/\/linkedin.com\/company\/biz-njp-sustainable-packaging\",\"https:\/\/se.pinterest.com\/BizNjpJuteSolutions\/\",\"https:\/\/www.tiktok.com\/@biznjp_ecopackaging\"],\"description\":\"Biz Njp is a premier Sustainable Apparel Manufacturer and Eco-Friendly Packaging Supplier serving EU and US brands. Since the 1990s, our factory in Bangladesh has specialized in Custom Jute Bags Wholesale and Private Label Clothing. We bridge the gap between cost-effective sourcing and Western quality standards. Our production includes printed jute bags, organic cotton totes, and corporate uniforms made with Ethical Textile Production. With offices in Portugal and the USA, we handle all export logistics for a seamless supply chain. Whether you need samples or bulk containers, access factory-direct pricing and flexible MOQs. Partner with Biz Njp for reliable, eco-conscious manufacturing. Contact us today.\",\"email\":\"info@biznjp.com\",\"telephone\":\"+46734880968\",\"legalName\":\"Biz Njp\",\"foundingDate\":\"1990-01-01\",\"vatID\":\"000990496-0208\",\"taxID\":\"000990496-0208\",\"numberOfEmployees\":{\"@type\":\"QuantitativeValue\",\"minValue\":\"1001\",\"maxValue\":\"5000\"},\"publishingPrinciples\":\"https:\/\/biznjp.com\/manufacturing-privacy-policy\/\",\"ownershipFundingInfo\":\"https:\/\/biznjp.com\/about-us\/\",\"actionableFeedbackPolicy\":\"https:\/\/biznjp.com\/manufacturing-privacy-policy\/\",\"correctionsPolicy\":\"https:\/\/biznjp.com\/refund-returns\/\",\"ethicsPolicy\":\"https:\/\/biznjp.com\/about-us\/\",\"diversityPolicy\":\"https:\/\/biznjp.com\/our-team\/\",\"diversityStaffingReport\":\"https:\/\/biznjp.com\/our-team\/\"}]}<\/script>\n<!-- \/ Yoast SEO Premium plugin. -->","yoast_head_json":{"title":"Produttore di borse tote personalizzate | Borse riutilizzabili all'ingrosso","description":"Acquista borse riutilizzabili all'ingrosso direttamente dallo stabilimento di produzione di borse tote personalizzate di Biz Njp, che si estende su una superficie di 1.500 mq. Produciamo borse tote personalizzate.","robots":{"index":"index","follow":"follow","max-snippet":"max-snippet:-1","max-image-preview":"max-image-preview:large","max-video-preview":"max-video-preview:-1"},"canonical":"https:\/\/biznjp.com\/it\/produttore-di-borse-tote-personalizzate\/","og_locale":"it_IT","og_type":"article","og_title":"Custom Tote Bag Manufacturing Facility","og_description":"Source wholesale reusable bags directly from Biz Njp's 1,500 sqm custom tote bag manufacturing facility. We produce custom totes.","og_url":"https:\/\/biznjp.com\/it\/produttore-di-borse-tote-personalizzate\/","og_site_name":"Biz Njp","article_publisher":"https:\/\/www.facebook.com\/raphsfitness","article_modified_time":"2026-02-21T12:56:49+00:00","og_image":[{"width":2000,"height":1200,"url":"https:\/\/biznjp.com\/wp-content\/uploads\/2026\/01\/Sustainable-Jute-Cotton-Bags-Eco-Friendly-Packaging-Manufacturer-Bangladesh-B2B-Wholesale-for-EU-US-Brands.png","type":"image\/png"}],"twitter_card":"summary_large_image","twitter_site":"@Biznjp_EcoPack","twitter_misc":{"Tempo di lettura stimato":"3 minuti"},"schema":{"@context":"https:\/\/schema.org","@graph":[{"@type":"WebPage","@id":"https:\/\/biznjp.com\/custom-tote-bag-manufacturer\/","url":"https:\/\/biznjp.com\/custom-tote-bag-manufacturer\/","name":"Produttore di borse tote personalizzate | Borse riutilizzabili all'ingrosso","isPartOf":{"@id":"https:\/\/biznjp.com\/#website"},"datePublished":"2026-02-21T12:53:06+00:00","dateModified":"2026-02-21T12:56:49+00:00","description":"Acquista borse riutilizzabili all'ingrosso direttamente dallo stabilimento di produzione di borse tote personalizzate di Biz Njp, che si estende su una superficie di 1.500 mq. Produciamo borse tote personalizzate.","breadcrumb":{"@id":"https:\/\/biznjp.com\/custom-tote-bag-manufacturer\/#breadcrumb"},"inLanguage":"it-IT","potentialAction":[{"@type":"ReadAction","target":["https:\/\/biznjp.com\/custom-tote-bag-manufacturer\/"]}]},{"@type":"BreadcrumbList","@id":"https:\/\/biznjp.com\/custom-tote-bag-manufacturer\/#breadcrumb","itemListElement":[{"@type":"ListItem","position":1,"name":"Home","item":"https:\/\/biznjp.com\/"},{"@type":"ListItem","position":2,"name":"Custom Tote Bag Manufacturing Facility"}]},{"@type":"WebSite","@id":"https:\/\/biznjp.com\/#website","url":"https:\/\/biznjp.com\/","name":"Biz Njp: Imballaggi, abbigliamento e artigianato","description":"Borse in juta e cotone sostenibili, produttore di imballaggi ecologici in Bangladesh | Commercio all'ingrosso B2B per marchi UE e USA","publisher":{"@id":"https:\/\/biznjp.com\/#organization"},"alternateName":"Biz Njp Manufacturing","potentialAction":[{"@type":"SearchAction","target":{"@type":"EntryPoint","urlTemplate":"https:\/\/biznjp.com\/?s={search_term_string}"},"query-input":{"@type":"PropertyValueSpecification","valueRequired":true,"valueName":"search_term_string"}}],"inLanguage":"it-IT"},{"@type":"Organization","@id":"https:\/\/biznjp.com\/#organization","name":"Biz Njp: imballaggio, abbigliamento e articoli","alternateName":"Biz Njp","url":"https:\/\/biznjp.com\/","logo":{"@type":"ImageObject","inLanguage":"it-IT","@id":"https:\/\/biznjp.com\/#\/schema\/logo\/image\/","url":"https:\/\/biznjp.com\/wp-content\/uploads\/2025\/12\/Biz-Njp-Logo.png","contentUrl":"https:\/\/biznjp.com\/wp-content\/uploads\/2025\/12\/Biz-Njp-Logo.png","width":1563,"height":1563,"caption":"Biz Njp: Packaging, Apparel & Merchandise"},"image":{"@id":"https:\/\/biznjp.com\/#\/schema\/logo\/image\/"},"sameAs":["https:\/\/www.facebook.com\/raphsfitness","https:\/\/x.com\/Biznjp_EcoPack","https:\/\/www.youtube.com\/@BizNJP_SustainablePackaging","https:\/\/www.instagram.com\/biznjp\/","https:\/\/linkedin.com\/company\/biz-njp-sustainable-packaging","https:\/\/se.pinterest.com\/BizNjpJuteSolutions\/","https:\/\/www.tiktok.com\/@biznjp_ecopackaging"],"description":"Biz Njp \u00e8 un produttore leader di abbigliamento sostenibile e fornitore di imballaggi ecocompatibili al servizio di marchi dell'UE e degli Stati Uniti. Dagli anni '90, il nostro stabilimento in Bangladesh si \u00e8 specializzato nella vendita all'ingrosso di borse in juta personalizzate e abbigliamento con marchio del distributore. Colmiamo il divario tra approvvigionamento conveniente e standard di qualit\u00e0 occidentali. La nostra produzione include borse in juta stampate, borse in cotone biologico e uniformi aziendali realizzate con Ethical Textile Production. Con uffici in Portogallo e negli Stati Uniti, gestiamo tutta la logistica di esportazione per una catena di fornitura senza interruzioni. Che abbiate bisogno di campioni o di container sfusi, accedete a prezzi diretti dalla fabbrica e a quantitativi minimi d'ordine flessibili. Collaborate con Biz Njp per una produzione affidabile ed ecosostenibile. Contattateci oggi stesso.","email":"info@biznjp.com","telephone":"+46734880968","legalName":"Biz Njp","foundingDate":"1990-01-01","vatID":"000990496-0208","taxID":"000990496-0208","numberOfEmployees":{"@type":"QuantitativeValue","minValue":"1001","maxValue":"5000"},"publishingPrinciples":"https:\/\/biznjp.com\/manufacturing-privacy-policy\/","ownershipFundingInfo":"https:\/\/biznjp.com\/about-us\/","actionableFeedbackPolicy":"https:\/\/biznjp.com\/manufacturing-privacy-policy\/","correctionsPolicy":"https:\/\/biznjp.com\/refund-returns\/","ethicsPolicy":"https:\/\/biznjp.com\/about-us\/","diversityPolicy":"https:\/\/biznjp.com\/our-team\/","diversityStaffingReport":"https:\/\/biznjp.com\/our-team\/"}]}},"_links":{"self":[{"href":"https:\/\/biznjp.com\/it\/wp-json\/wp\/v2\/pages\/1205","targetHints":{"allow":["GET"]}}],"collection":[{"href":"https:\/\/biznjp.com\/it\/wp-json\/wp\/v2\/pages"}],"about":[{"href":"https:\/\/biznjp.com\/it\/wp-json\/wp\/v2\/types\/page"}],"author":[{"embeddable":true,"href":"https:\/\/biznjp.com\/it\/wp-json\/wp\/v2\/users\/1"}],"replies":[{"embeddable":true,"href":"https:\/\/biznjp.com\/it\/wp-json\/wp\/v2\/comments?post=1205"}],"version-history":[{"count":4,"href":"https:\/\/biznjp.com\/it\/wp-json\/wp\/v2\/pages\/1205\/revisions"}],"predecessor-version":[{"id":1209,"href":"https:\/\/biznjp.com\/it\/wp-json\/wp\/v2\/pages\/1205\/revisions\/1209"}],"wp:attachment":[{"href":"https:\/\/biznjp.com\/it\/wp-json\/wp\/v2\/media?parent=1205"}],"curies":[{"name":"wp","href":"https:\/\/api.w.org\/{rel}","templated":true}]}}