{"id":1199,"date":"2026-02-21T13:43:43","date_gmt":"2026-02-21T12:43:43","guid":{"rendered":"https:\/\/biznjp.com\/?page_id=1199"},"modified":"2026-02-21T13:46:18","modified_gmt":"2026-02-21T12:46:18","slug":"industrial-jute-mill-wholesale-burlap-sack-manufacturer","status":"publish","type":"page","link":"https:\/\/biznjp.com\/it\/industrial-jute-mill-wholesale-burlap-sack-manufacturer\/","title":{"rendered":"Mulino industriale di iuta | Produttore all'ingrosso di sacchi di juta e iuta"},"content":{"rendered":"<div data-elementor-type=\"wp-page\" data-elementor-id=\"1199\" class=\"elementor elementor-1199\" data-elementor-post-type=\"page\">\n\t\t\t\t<div class=\"elementor-element elementor-element-14d4489a e-flex e-con-boxed e-con e-parent\" data-id=\"14d4489a\" data-element_type=\"container\">\n\t\t\t\t\t<div class=\"e-con-inner\">\n\t\t\t\t<div class=\"elementor-element elementor-element-3b61b045 elementor-widget elementor-widget-text-editor\" data-id=\"3b61b045\" data-element_type=\"widget\" data-widget_type=\"text-editor.default\">\n\t\t\t\t\t\t\t\t\t<p><style>\n    \/* Base Styles *\/\n    :root {\n        --primary-color: #003366;\n        --secondary-color: #0056b3;\n        --background-light: #f4f7fb;\n        --text-main: #333333;\n        --text-muted: #666666;\n    }\n\n    body {\n        font-family: 'Segoe UI', Roboto, Helvetica, Arial, sans-serif;\n        line-height: 1.8;\n        color: var(--text-main);\n        margin: 0;\n        padding: 0;\n        background-color: #ffffff;\n    }\n\n    \/* In-Text Link Styling *\/\n    a.in-text-link {\n        color: var(--secondary-color);\n        text-decoration: none;\n        font-weight: 600;\n        transition: color 0.2s ease;\n    }\n\n    a.in-text-link:hover {\n        color: var(--primary-color);\n        text-decoration: underline;\n    }\n\n    \/* Hero Section *\/\n    .facility-hero {\n        background-color: var(--background-light);\n        padding: 80px 20px;\n        text-align: center;\n        border-bottom: 1px solid #eaeaea;\n    }\n\n    .facility-hero h1 {\n        color: var(--primary-color);\n        font-size: 3rem;\n        margin-bottom: 20px;\n        line-height: 1.2;\n    }\n\n    .facility-hero p.lead {\n        max-width: 900px;\n        margin: 0 auto;\n        font-size: 1.25rem;\n        color: var(--text-muted);\n    }\n\n    .quick-facts {\n        display: flex;\n        justify-content: center;\n        flex-wrap: wrap;\n        gap: 20px;\n        margin-top: 30px;\n    }\n\n    .quick-facts span {\n        background: rgba(0, 86, 179, 0.1);\n        color: var(--secondary-color);\n        padding: 8px 16px;\n        border-radius: 4px;\n        font-weight: 600;\n        font-size: 1rem;\n    }\n\n    \/* Main Content Container *\/\n    .content-container {\n        max-width: 1200px;\n        margin: 60px auto;\n        padding: 0 20px;\n    }\n\n    \/* Text-Wrapped Image Styling *\/\n    .image-wrapper {\n        float: right;\n        width: 45%;\n        margin: 0 0 30px 40px;\n    }\n\n    .featured-image {\n        width: 100%;\n        height: auto;\n        border-radius: 8px;\n        box-shadow: 0 4px 15px rgba(0,0,0,0.1);\n        display: block;\n    }\n\n    \/* Text Layouts *\/\n    .text-section {\n        margin-bottom: 50px;\n    }\n\n    .text-section h2 {\n        color: var(--primary-color);\n        font-size: 2.2rem;\n        margin-bottom: 20px;\n        border-bottom: 3px solid var(--secondary-color);\n        display: inline-block;\n        padding-bottom: 5px;\n    }\n\n    .text-section h3 {\n        color: var(--primary-color);\n        font-size: 1.5rem;\n        margin-top: 30px;\n        margin-bottom: 15px;\n    }\n\n    .text-section p {\n        font-size: 1.1rem;\n        margin-bottom: 20px;\n    }\n\n    \/* Clearfix for Text Sections *\/\n    .clearfix::after {\n        content: \"\";\n        clear: both;\n        display: table;\n    }\n\n    \/* Two Column Grid for Capabilities *\/\n    .capabilities-grid {\n        display: grid;\n        grid-template-columns: repeat(auto-fit, minmax(450px, 1fr));\n        gap: 40px;\n        margin-top: 40px;\n        margin-bottom: 60px;\n        clear: both; \/* Forces grid below the floating image *\/\n    }\n\n    .capability-box {\n        background: var(--background-light);\n        padding: 30px;\n        border-radius: 8px;\n        border-left: 5px solid var(--secondary-color);\n    }\n\n    .capability-box h4 {\n        color: var(--primary-color);\n        font-size: 1.3rem;\n        margin-top: 0;\n        margin-bottom: 15px;\n    }\n\n    .capability-box p {\n        font-size: 1.05rem;\n        margin-bottom: 0;\n    }\n\n    \/* Call to Action *\/\n    .cta-section {\n        background-color: var(--primary-color);\n        color: #ffffff;\n        text-align: center;\n        padding: 80px 20px;\n        margin-top: 60px;\n        clear: both;\n    }\n\n    .cta-section h2 {\n        margin-top: 0;\n        font-size: 2.5rem;\n    }\n\n    .cta-button {\n        display: inline-block;\n        margin-top: 30px;\n        padding: 18px 40px;\n        background-color: var(--secondary-color);\n        color: #ffffff;\n        text-decoration: none;\n        font-size: 1.1rem;\n        font-weight: bold;\n        border-radius: 5px;\n        transition: background-color 0.3s;\n    }\n\n    .cta-button:hover {\n        background-color: #004494;\n    }\n\n    \/* Responsive Design for Mobile *\/\n    @media (max-width: 900px) {\n        .image-wrapper {\n            float: none;\n            width: 100%;\n            margin: 0 0 30px 0;\n        }\n    }\n\n    @media (max-width: 768px) {\n        .facility-hero h1 { font-size: 2.2rem; }\n        .capabilities-grid { grid-template-columns: 1fr; }\n    }\n<\/style><\/p>\n<section class=\"facility-hero\">\n<h1>The Jute Mill: produzione industriale di fibre e tessuti<\/h1>\n<p class=\"lead\">Essendo il sito pi\u00f9 grande all'interno del nostro <a class=\"in-text-link\" href=\"https:\/\/biznjp.com\/it\/impianti-di-produzione-personalizzati\/\">impianti di produzione personalizzati<\/a>, Il mulino per la juta verticalmente integrato di Biz Njp trasforma la fibra dorata grezza in sacchi di juta di alta qualit\u00e0 all'ingrosso, spaghi resistenti e tessuti industriali sostenibili.<\/p>\n<div class=\"quick-facts\">Fondata: 1990 Dimensioni della struttura: 12.000 mq Focus: Lavorazione della iuta grezza e tessuti ecologici<\/div>\n<\/section>\n<div class=\"content-container clearfix\">\n<div class=\"text-section\">\n<h2>La nostra tradizione nella produzione sostenibile<\/h2>\n<p>Fondata nel 1990, la nostra imponente fabbrica di iuta di 12.000 metri quadrati \u00e8 il fulcro delle attivit\u00e0 produttive ecosostenibili di Biz Njp. In un settore invaso da intermediari e commercianti, ci distinguiamo come un produttore completamente integrato verticalmente. Non ci limitiamo a tagliare e cucire tessuti pre-acquistati; controlliamo l'intero ciclo di vita del materiale direttamente nel nostro stabilimento.<\/p>\n<p>Dal momento in cui la fibra di juta grezza e naturale arriva alle nostre banchine di carico, il nostro stabilimento gestisce i complessi processi di confezionamento, cardatura, stiratura, filatura e tessitura. Grazie alla lavorazione interna della fibra grezza, possiamo monitorare rigorosamente il contenuto di umidit\u00e0, la resistenza alla trazione e la densit\u00e0 di tessitura dei nostri prodotti. Questo approccio pratico ci consente di produrre soluzioni di imballaggio completamente biodegradabili e altamente durevoli a prezzi all'ingrosso competitivi per il mercato globale.<\/p>\n<\/div>\n<div class=\"text-section\">\n<h3>Il processo di produzione<\/h3>\n<p><strong>1. Batching e cardatura:<\/strong> Le canne di iuta grezze vengono ammorbidite e lavorate attraverso pesanti carte stropicciatrici per districare e allineare le fibre naturali in nastri continui chiamati \"scaglie\".<\/p>\n<p><strong>2. Disegno e filatura:<\/strong> I nastri vengono stirati fino allo spessore richiesto e filati in filato ad alta resistenza sui nostri filatoi automatizzati, garantendo una resistenza uniforme su ogni bobina.<\/p>\n<p><strong>3. Tessitura e finitura:<\/strong> Il filato viene trasferito al nostro reparto di tessitura industriale, dove viene tessuto in tela di iuta di diverse qualit\u00e0. Il tessuto viene quindi calandrato (stirato) per una finitura liscia prima di essere tagliato e cucito in confezioni personalizzate.<\/p>\n<\/div>\n<div class=\"text-section clearfix\">\n<h2>Capacit\u00e0 del mulino a nucleo<\/h2>\n<p>Dalla logistica agricola pesante agli imballaggi personalizzati per la vendita al dettaglio, il nostro reparto produzione \u00e8 dotato di telai industriali e macchinari per la filatura in grado di gestire ordini personalizzati diversificati e di grandi volumi.<\/p>\n<div class=\"capabilities-grid\">\n<div class=\"capability-box\">\n<h4>Sacchi di juta all'ingrosso di alta qualit\u00e0<\/h4>\n<p>Produciamo sacchi di juta per uso alimentare e commerciale, progettati per la massima traspirabilit\u00e0 e resistenza. Che abbiate bisogno di imballaggi per chicchi di caff\u00e8, patate o materiali da costruzione, la nostra cartiera pu\u00f2 realizzare sacchi di juta di dimensioni personalizzate, in base alle vostre specifiche esigenze. Esplorate il nostro <a class=\"in-text-link\" href=\"https:\/\/biznjp.com\/it\/featured_item\/premium-jute-burlap-sack-collection-wholesale-industrial-agricultural-custom-bags\/\">Collezione di sacchi di iuta di alta qualit\u00e0<\/a> per vedere la nostra qualit\u00e0 di produzione di altissimo livello.<\/p>\n<\/div>\n<div class=\"capability-box\">\n<h4>Imballaggi agricoli sfusi<\/h4>\n<p>La juta naturale \u00e8 la scelta preferita per le filiere agricole perch\u00e9 previene l'accumulo di umidit\u00e0 e il deterioramento delle colture. Per un approfondimento su come il nostro stabilimento supporta l'agricoltura su larga scala e la logistica commerciale, leggi il nostro approfondimento completo. <a class=\"in-text-link\" href=\"https:\/\/biznjp.com\/it\/wholesale-jute-sacks-for-industrial-and-agricultural-packaging-sustainable-bulk-supply-2026-guide\/\">Guida 2026 ai sacchi di juta all'ingrosso per imballaggi industriali e agricoli<\/a>.<\/p>\n<\/div>\n<div class=\"capability-box\">\n<h4>Filato di iuta grezza, spago e corde<\/h4>\n<p>Il nostro reparto di filatura trasforma la juta grezza in filati ad alta resistenza, spaghi ad alta resistenza e corde industriali. Offriamo diversi strati e spessori (dai sottili spaghi a due capi alle spesse corde multifilo), rendendo i nostri prodotti in juta filata ideali per la legatura in agricoltura, la progettazione paesaggistica commerciale e le spedizioni pesanti.<\/p>\n<\/div>\n<div class=\"capability-box\">\n<h4>Tappetini intrecciati personalizzati ed eco-tessili<\/h4>\n<p>Oltre agli imballaggi tradizionali, il nostro stabilimento tesse tessuti industriali in juta (tela di juta) venduti in rotoli. Produciamo anche nastri di juta intrecciati, stuoie utilizzate per il controllo dell'erosione del suolo, geotessili per l'architettura paesaggistica commerciale e tessuti naturali personalizzati per i settori dei prodotti per la casa e della vendita al dettaglio.<\/p>\n<\/div>\n<\/div>\n<\/div>\n<div class=\"text-section\">\n<h2>Controllo di qualit\u00e0 biodegradabile al 100%<\/h2>\n<p>Con l'abbandono delle normative globali in materia di plastica monouso, la domanda di alternative sostenibili \u00e8 aumentata vertiginosamente. Il nostro stabilimento di produzione di iuta opera con un rigoroso impegno verso la responsabilit\u00e0 ambientale. Ogni sacco, spago e rotolo di tessuto che esce dal nostro stabilimento di 12.000 mq \u00e8 biodegradabile al 100%, compostabile e a zero emissioni di carbonio.<\/p>\n<p>Per garantire che il vostro passaggio sostenibile non comprometta mai la durata, il nostro team dedicato al controllo qualit\u00e0 ispeziona ogni ciclo di produzione. Utilizziamo rigorosi protocolli di test per verificare la consistenza della trama, la resistenza al carico e l'integrit\u00e0 delle cuciture prima che qualsiasi lotto venga approvato per l'esportazione.<\/p>\n<\/div>\n<div class=\"text-section\">\n<h2>Esportazione globale e logistica di massa<\/h2>\n<p>Biz Njp non \u00e8 solo un produttore; siamo un esportatore globale esperto. Il nostro stabilimento di iuta \u00e8 dotato di presse idrauliche per carichi pesanti che comprimono migliaia di sacchi di juta in balle dense e legate con ferro. Questo massimizza lo spazio nei container, riducendo drasticamente i costi di trasporto per i nostri clienti B2B internazionali. Che abbiate bisogno di un singolo pallet di sacchi di caff\u00e8 con stampa personalizzata o di pi\u00f9 container da 40 piedi di spago agricolo, il nostro team logistico garantisce una consegna impeccabile e puntuale al porto di vostra scelta.<\/p>\n<\/div>\n<\/div>\n<section class=\"cta-section\">\n<h2>Fonte direttamente dal mulino<\/h2>\n<p style=\"font-size: 1.2rem; max-width: 700px; margin: 0 auto;\">Elimina gli intermediari e assicurati una fornitura all'ingrosso affidabile e sostenibile. Contatta oggi stesso il team di produzione di Biz Njp per discutere di prezzi all'ingrosso, stampa personalizzata e tempi di consegna per il tuo prossimo ordine di iuta.<\/p>\n<a class=\"cta-button\" href=\"\/it\/contact\/\">Richiedi un preventivo di produzione personalizzato<\/a><\/section>\t\t\t\t\t\t\t\t<\/div>\n\t\t\t\t\t<\/div>\n\t\t\t\t<\/div>\n\t\t\t\t<\/div>","protected":false},"excerpt":{"rendered":"<p>The Jute Mill: Industrial Fiber to Fabric Manufacturing As the largest site within our custom manufacturing facilities, Biz Njp&#8217;s vertically integrated Jute Mill processes raw golden fiber into premium wholesale burlap sacks, heavy-duty twines, and sustainable industrial textiles. Founded: 1990Facility Size: 12,000 sqmFocus: Raw Jute Processing &amp; Eco-Textiles Our Heritage in Sustainable Production Established in [&#8230;]","protected":false},"author":1,"featured_media":0,"parent":0,"menu_order":0,"comment_status":"closed","ping_status":"closed","template":"","meta":{"footnotes":""},"class_list":["post-1199","page","type-page","status-publish","hentry"],"yoast_head":"<!-- This site is optimized with the Yoast SEO Premium plugin v26.6 (Yoast SEO v26.6) - https:\/\/yoast.com\/wordpress\/plugins\/seo\/ -->\n<title>Industrial Jute Mill &amp; Burlap Sack Manufacturer | Biz Njp<\/title>\n<meta name=\"description\" content=\"Source directly from Biz Njp&#039;s 12,000 sqm industrial Jute Mill. We manufacture wholesale burlap sacks, spun yarn, and eco-textiles.\" \/>\n<meta name=\"robots\" content=\"index, follow, max-snippet:-1, max-image-preview:large, max-video-preview:-1\" \/>\n<link rel=\"canonical\" href=\"https:\/\/biznjp.com\/it\/industrial-jute-mill-wholesale-burlap-sack-manufacturer\/\" \/>\n<meta property=\"og:locale\" content=\"it_IT\" \/>\n<meta property=\"og:type\" content=\"article\" \/>\n<meta property=\"og:title\" content=\"Industrial Jute Mill | Wholesale Burlap Sacks &amp; Jute Manufacturer\" \/>\n<meta property=\"og:description\" content=\"Source directly from Biz Njp&#039;s 12,000 sqm industrial Jute Mill. We manufacture wholesale burlap sacks, spun yarn, and eco-textiles.\" \/>\n<meta property=\"og:url\" content=\"https:\/\/biznjp.com\/it\/industrial-jute-mill-wholesale-burlap-sack-manufacturer\/\" \/>\n<meta property=\"og:site_name\" content=\"Biz Njp\" \/>\n<meta property=\"article:publisher\" content=\"https:\/\/www.facebook.com\/raphsfitness\" \/>\n<meta property=\"article:modified_time\" content=\"2026-02-21T12:46:18+00:00\" \/>\n<meta property=\"og:image\" content=\"https:\/\/biznjp.com\/wp-content\/uploads\/2026\/01\/Sustainable-Jute-Cotton-Bags-Eco-Friendly-Packaging-Manufacturer-Bangladesh-B2B-Wholesale-for-EU-US-Brands.png\" \/>\n\t<meta property=\"og:image:width\" content=\"2000\" \/>\n\t<meta property=\"og:image:height\" content=\"1200\" \/>\n\t<meta property=\"og:image:type\" content=\"image\/png\" \/>\n<meta name=\"twitter:card\" content=\"summary_large_image\" \/>\n<meta name=\"twitter:site\" content=\"@Biznjp_EcoPack\" \/>\n<meta name=\"twitter:label1\" content=\"Tempo di lettura stimato\" \/>\n\t<meta name=\"twitter:data1\" content=\"4 minuti\" \/>\n<script type=\"application\/ld+json\" class=\"yoast-schema-graph\">{\"@context\":\"https:\/\/schema.org\",\"@graph\":[{\"@type\":\"WebPage\",\"@id\":\"https:\/\/biznjp.com\/industrial-jute-mill-wholesale-burlap-sack-manufacturer\/\",\"url\":\"https:\/\/biznjp.com\/industrial-jute-mill-wholesale-burlap-sack-manufacturer\/\",\"name\":\"Industrial Jute Mill & Burlap Sack Manufacturer | Biz Njp\",\"isPartOf\":{\"@id\":\"https:\/\/biznjp.com\/#website\"},\"datePublished\":\"2026-02-21T12:43:43+00:00\",\"dateModified\":\"2026-02-21T12:46:18+00:00\",\"description\":\"Source directly from Biz Njp's 12,000 sqm industrial Jute Mill. We manufacture wholesale burlap sacks, spun yarn, and eco-textiles.\",\"breadcrumb\":{\"@id\":\"https:\/\/biznjp.com\/industrial-jute-mill-wholesale-burlap-sack-manufacturer\/#breadcrumb\"},\"inLanguage\":\"it-IT\",\"potentialAction\":[{\"@type\":\"ReadAction\",\"target\":[\"https:\/\/biznjp.com\/industrial-jute-mill-wholesale-burlap-sack-manufacturer\/\"]}]},{\"@type\":\"BreadcrumbList\",\"@id\":\"https:\/\/biznjp.com\/industrial-jute-mill-wholesale-burlap-sack-manufacturer\/#breadcrumb\",\"itemListElement\":[{\"@type\":\"ListItem\",\"position\":1,\"name\":\"Home\",\"item\":\"https:\/\/biznjp.com\/\"},{\"@type\":\"ListItem\",\"position\":2,\"name\":\"Industrial Jute Mill | Wholesale Burlap Sacks &#038; Jute Manufacturer\"}]},{\"@type\":\"WebSite\",\"@id\":\"https:\/\/biznjp.com\/#website\",\"url\":\"https:\/\/biznjp.com\/\",\"name\":\"Biz Njp: Packaging, Apparel & Handicrafts\",\"description\":\"Sustainable Jute &amp; Cotton Bags, Eco-Friendly Packaging Manufacturer Bangladesh | B2B Wholesale for EU &amp; US Brands\",\"publisher\":{\"@id\":\"https:\/\/biznjp.com\/#organization\"},\"alternateName\":\"Biz Njp Manufacturing\",\"potentialAction\":[{\"@type\":\"SearchAction\",\"target\":{\"@type\":\"EntryPoint\",\"urlTemplate\":\"https:\/\/biznjp.com\/?s={search_term_string}\"},\"query-input\":{\"@type\":\"PropertyValueSpecification\",\"valueRequired\":true,\"valueName\":\"search_term_string\"}}],\"inLanguage\":\"it-IT\"},{\"@type\":\"Organization\",\"@id\":\"https:\/\/biznjp.com\/#organization\",\"name\":\"Biz Njp: Packaging, Apparel & Merchandise\",\"alternateName\":\"Biz Njp\",\"url\":\"https:\/\/biznjp.com\/\",\"logo\":{\"@type\":\"ImageObject\",\"inLanguage\":\"it-IT\",\"@id\":\"https:\/\/biznjp.com\/#\/schema\/logo\/image\/\",\"url\":\"https:\/\/biznjp.com\/wp-content\/uploads\/2025\/12\/Biz-Njp-Logo.png\",\"contentUrl\":\"https:\/\/biznjp.com\/wp-content\/uploads\/2025\/12\/Biz-Njp-Logo.png\",\"width\":1563,\"height\":1563,\"caption\":\"Biz Njp: Packaging, Apparel & Merchandise\"},\"image\":{\"@id\":\"https:\/\/biznjp.com\/#\/schema\/logo\/image\/\"},\"sameAs\":[\"https:\/\/www.facebook.com\/raphsfitness\",\"https:\/\/x.com\/Biznjp_EcoPack\",\"https:\/\/www.youtube.com\/@BizNJP_SustainablePackaging\",\"https:\/\/www.instagram.com\/biznjp\/\",\"https:\/\/linkedin.com\/company\/biz-njp-sustainable-packaging\",\"https:\/\/se.pinterest.com\/BizNjpJuteSolutions\/\",\"https:\/\/www.tiktok.com\/@biznjp_ecopackaging\"],\"description\":\"Biz Njp is a premier Sustainable Apparel Manufacturer and Eco-Friendly Packaging Supplier serving EU and US brands. Since the 1990s, our factory in Bangladesh has specialized in Custom Jute Bags Wholesale and Private Label Clothing. We bridge the gap between cost-effective sourcing and Western quality standards. Our production includes printed jute bags, organic cotton totes, and corporate uniforms made with Ethical Textile Production. With offices in Portugal and the USA, we handle all export logistics for a seamless supply chain. Whether you need samples or bulk containers, access factory-direct pricing and flexible MOQs. Partner with Biz Njp for reliable, eco-conscious manufacturing. Contact us today.\",\"email\":\"info@biznjp.com\",\"telephone\":\"+46734880968\",\"legalName\":\"Biz Njp\",\"foundingDate\":\"1990-01-01\",\"vatID\":\"000990496-0208\",\"taxID\":\"000990496-0208\",\"numberOfEmployees\":{\"@type\":\"QuantitativeValue\",\"minValue\":\"1001\",\"maxValue\":\"5000\"},\"publishingPrinciples\":\"https:\/\/biznjp.com\/manufacturing-privacy-policy\/\",\"ownershipFundingInfo\":\"https:\/\/biznjp.com\/about-us\/\",\"actionableFeedbackPolicy\":\"https:\/\/biznjp.com\/manufacturing-privacy-policy\/\",\"correctionsPolicy\":\"https:\/\/biznjp.com\/refund-returns\/\",\"ethicsPolicy\":\"https:\/\/biznjp.com\/about-us\/\",\"diversityPolicy\":\"https:\/\/biznjp.com\/our-team\/\",\"diversityStaffingReport\":\"https:\/\/biznjp.com\/our-team\/\"}]}<\/script>\n<!-- \/ Yoast SEO Premium plugin. -->","yoast_head_json":{"title":"Produttore industriale di sacchi di juta e di juta | Biz Njp","description":"Ci riforniamo direttamente dallo stabilimento industriale di 12.000 mq di Biz Njp per la produzione di iuta. Produciamo all'ingrosso sacchi di juta, filati e tessuti ecologici.","robots":{"index":"index","follow":"follow","max-snippet":"max-snippet:-1","max-image-preview":"max-image-preview:large","max-video-preview":"max-video-preview:-1"},"canonical":"https:\/\/biznjp.com\/it\/industrial-jute-mill-wholesale-burlap-sack-manufacturer\/","og_locale":"it_IT","og_type":"article","og_title":"Industrial Jute Mill | Wholesale Burlap Sacks & Jute Manufacturer","og_description":"Source directly from Biz Njp's 12,000 sqm industrial Jute Mill. We manufacture wholesale burlap sacks, spun yarn, and eco-textiles.","og_url":"https:\/\/biznjp.com\/it\/industrial-jute-mill-wholesale-burlap-sack-manufacturer\/","og_site_name":"Biz Njp","article_publisher":"https:\/\/www.facebook.com\/raphsfitness","article_modified_time":"2026-02-21T12:46:18+00:00","og_image":[{"width":2000,"height":1200,"url":"https:\/\/biznjp.com\/wp-content\/uploads\/2026\/01\/Sustainable-Jute-Cotton-Bags-Eco-Friendly-Packaging-Manufacturer-Bangladesh-B2B-Wholesale-for-EU-US-Brands.png","type":"image\/png"}],"twitter_card":"summary_large_image","twitter_site":"@Biznjp_EcoPack","twitter_misc":{"Tempo di lettura stimato":"4 minuti"},"schema":{"@context":"https:\/\/schema.org","@graph":[{"@type":"WebPage","@id":"https:\/\/biznjp.com\/industrial-jute-mill-wholesale-burlap-sack-manufacturer\/","url":"https:\/\/biznjp.com\/industrial-jute-mill-wholesale-burlap-sack-manufacturer\/","name":"Produttore industriale di sacchi di juta e di juta | Biz Njp","isPartOf":{"@id":"https:\/\/biznjp.com\/#website"},"datePublished":"2026-02-21T12:43:43+00:00","dateModified":"2026-02-21T12:46:18+00:00","description":"Ci riforniamo direttamente dallo stabilimento industriale di 12.000 mq di Biz Njp per la produzione di iuta. Produciamo all'ingrosso sacchi di juta, filati e tessuti ecologici.","breadcrumb":{"@id":"https:\/\/biznjp.com\/industrial-jute-mill-wholesale-burlap-sack-manufacturer\/#breadcrumb"},"inLanguage":"it-IT","potentialAction":[{"@type":"ReadAction","target":["https:\/\/biznjp.com\/industrial-jute-mill-wholesale-burlap-sack-manufacturer\/"]}]},{"@type":"BreadcrumbList","@id":"https:\/\/biznjp.com\/industrial-jute-mill-wholesale-burlap-sack-manufacturer\/#breadcrumb","itemListElement":[{"@type":"ListItem","position":1,"name":"Home","item":"https:\/\/biznjp.com\/"},{"@type":"ListItem","position":2,"name":"Industrial Jute Mill | Wholesale Burlap Sacks &#038; Jute Manufacturer"}]},{"@type":"WebSite","@id":"https:\/\/biznjp.com\/#website","url":"https:\/\/biznjp.com\/","name":"Biz Njp: Imballaggi, abbigliamento e artigianato","description":"Borse in juta e cotone sostenibili, produttore di imballaggi ecologici in Bangladesh | Commercio all'ingrosso B2B per marchi UE e USA","publisher":{"@id":"https:\/\/biznjp.com\/#organization"},"alternateName":"Biz Njp Manufacturing","potentialAction":[{"@type":"SearchAction","target":{"@type":"EntryPoint","urlTemplate":"https:\/\/biznjp.com\/?s={search_term_string}"},"query-input":{"@type":"PropertyValueSpecification","valueRequired":true,"valueName":"search_term_string"}}],"inLanguage":"it-IT"},{"@type":"Organization","@id":"https:\/\/biznjp.com\/#organization","name":"Biz Njp: imballaggio, abbigliamento e articoli","alternateName":"Biz Njp","url":"https:\/\/biznjp.com\/","logo":{"@type":"ImageObject","inLanguage":"it-IT","@id":"https:\/\/biznjp.com\/#\/schema\/logo\/image\/","url":"https:\/\/biznjp.com\/wp-content\/uploads\/2025\/12\/Biz-Njp-Logo.png","contentUrl":"https:\/\/biznjp.com\/wp-content\/uploads\/2025\/12\/Biz-Njp-Logo.png","width":1563,"height":1563,"caption":"Biz Njp: Packaging, Apparel & Merchandise"},"image":{"@id":"https:\/\/biznjp.com\/#\/schema\/logo\/image\/"},"sameAs":["https:\/\/www.facebook.com\/raphsfitness","https:\/\/x.com\/Biznjp_EcoPack","https:\/\/www.youtube.com\/@BizNJP_SustainablePackaging","https:\/\/www.instagram.com\/biznjp\/","https:\/\/linkedin.com\/company\/biz-njp-sustainable-packaging","https:\/\/se.pinterest.com\/BizNjpJuteSolutions\/","https:\/\/www.tiktok.com\/@biznjp_ecopackaging"],"description":"Biz Njp \u00e8 un produttore leader di abbigliamento sostenibile e fornitore di imballaggi ecocompatibili al servizio di marchi dell'UE e degli Stati Uniti. Dagli anni '90, il nostro stabilimento in Bangladesh si \u00e8 specializzato nella vendita all'ingrosso di borse in juta personalizzate e abbigliamento con marchio del distributore. Colmiamo il divario tra approvvigionamento conveniente e standard di qualit\u00e0 occidentali. La nostra produzione include borse in juta stampate, borse in cotone biologico e uniformi aziendali realizzate con Ethical Textile Production. Con uffici in Portogallo e negli Stati Uniti, gestiamo tutta la logistica di esportazione per una catena di fornitura senza interruzioni. Che abbiate bisogno di campioni o di container sfusi, accedete a prezzi diretti dalla fabbrica e a quantitativi minimi d'ordine flessibili. Collaborate con Biz Njp per una produzione affidabile ed ecosostenibile. Contattateci oggi stesso.","email":"info@biznjp.com","telephone":"+46734880968","legalName":"Biz Njp","foundingDate":"1990-01-01","vatID":"000990496-0208","taxID":"000990496-0208","numberOfEmployees":{"@type":"QuantitativeValue","minValue":"1001","maxValue":"5000"},"publishingPrinciples":"https:\/\/biznjp.com\/manufacturing-privacy-policy\/","ownershipFundingInfo":"https:\/\/biznjp.com\/about-us\/","actionableFeedbackPolicy":"https:\/\/biznjp.com\/manufacturing-privacy-policy\/","correctionsPolicy":"https:\/\/biznjp.com\/refund-returns\/","ethicsPolicy":"https:\/\/biznjp.com\/about-us\/","diversityPolicy":"https:\/\/biznjp.com\/our-team\/","diversityStaffingReport":"https:\/\/biznjp.com\/our-team\/"}]}},"_links":{"self":[{"href":"https:\/\/biznjp.com\/it\/wp-json\/wp\/v2\/pages\/1199","targetHints":{"allow":["GET"]}}],"collection":[{"href":"https:\/\/biznjp.com\/it\/wp-json\/wp\/v2\/pages"}],"about":[{"href":"https:\/\/biznjp.com\/it\/wp-json\/wp\/v2\/types\/page"}],"author":[{"embeddable":true,"href":"https:\/\/biznjp.com\/it\/wp-json\/wp\/v2\/users\/1"}],"replies":[{"embeddable":true,"href":"https:\/\/biznjp.com\/it\/wp-json\/wp\/v2\/comments?post=1199"}],"version-history":[{"count":4,"href":"https:\/\/biznjp.com\/it\/wp-json\/wp\/v2\/pages\/1199\/revisions"}],"predecessor-version":[{"id":1204,"href":"https:\/\/biznjp.com\/it\/wp-json\/wp\/v2\/pages\/1199\/revisions\/1204"}],"wp:attachment":[{"href":"https:\/\/biznjp.com\/it\/wp-json\/wp\/v2\/media?parent=1199"}],"curies":[{"name":"wp","href":"https:\/\/api.w.org\/{rel}","templated":true}]}}