{"id":1205,"date":"2026-02-21T13:53:06","date_gmt":"2026-02-21T12:53:06","guid":{"rendered":"https:\/\/biznjp.com\/?page_id=1205"},"modified":"2026-02-21T13:56:49","modified_gmt":"2026-02-21T12:56:49","slug":"fabricant-de-sacs-fourre-tout-personnalises","status":"publish","type":"page","link":"https:\/\/biznjp.com\/fr\/fabricant-de-sacs-fourre-tout-personnalises\/","title":{"rendered":"usine de fabrication de sacs fourre-tout personnalis\u00e9s"},"content":{"rendered":"<div data-elementor-type=\"wp-page\" data-elementor-id=\"1205\" class=\"elementor elementor-1205\" data-elementor-post-type=\"page\">\n\t\t\t\t<div class=\"elementor-element elementor-element-249042fd e-flex e-con-boxed e-con e-parent\" data-id=\"249042fd\" data-element_type=\"container\">\n\t\t\t\t\t<div class=\"e-con-inner\">\n\t\t\t\t<div class=\"elementor-element elementor-element-32babd1d elementor-widget elementor-widget-text-editor\" data-id=\"32babd1d\" data-element_type=\"widget\" data-widget_type=\"text-editor.default\">\n\t\t\t\t\t\t\t\t\t<p><style>\n    \/* Base Styles *\/\n    :root {\n        --primary-color: #003366;\n        --secondary-color: #0056b3;\n        --background-light: #f4f7fb;\n        --text-main: #333333;\n        --text-muted: #666666;\n    }\n\n    body {\n        font-family: 'Segoe UI', Roboto, Helvetica, Arial, sans-serif;\n        line-height: 1.8;\n        color: var(--text-main);\n        margin: 0;\n        padding: 0;\n        background-color: #ffffff;\n    }\n\n    \/* In-Text Link Styling *\/\n    a.in-text-link {\n        color: var(--secondary-color);\n        text-decoration: none;\n        font-weight: 600;\n        transition: color 0.2s ease;\n    }\n\n    a.in-text-link:hover {\n        color: var(--primary-color);\n        text-decoration: underline;\n    }\n\n    \/* Hero Section *\/\n    .facility-hero {\n        background-color: var(--background-light);\n        padding: 80px 20px;\n        text-align: center;\n        border-bottom: 1px solid #eaeaea;\n    }\n\n    .facility-hero h1 {\n        color: var(--primary-color);\n        font-size: 3rem;\n        margin-bottom: 20px;\n        line-height: 1.2;\n    }\n\n    .facility-hero p.lead {\n        max-width: 900px;\n        margin: 0 auto;\n        font-size: 1.25rem;\n        color: var(--text-muted);\n    }\n\n    .quick-facts {\n        display: flex;\n        justify-content: center;\n        flex-wrap: wrap;\n        gap: 20px;\n        margin-top: 30px;\n    }\n\n    .quick-facts span {\n        background: rgba(0, 86, 179, 0.1);\n        color: var(--secondary-color);\n        padding: 8px 16px;\n        border-radius: 4px;\n        font-weight: 600;\n        font-size: 1rem;\n    }\n\n    \/* Main Content Container *\/\n    .content-container {\n        max-width: 1200px;\n        margin: 60px auto;\n        padding: 0 20px;\n    }\n\n    \/* Text-Wrapped Image Styling *\/\n    .image-wrapper {\n        float: right;\n        width: 45%;\n        margin: 0 0 30px 40px;\n    }\n\n    .featured-image {\n        width: 100%;\n        height: auto;\n        border-radius: 8px;\n        box-shadow: 0 4px 15px rgba(0,0,0,0.1);\n        display: block;\n    }\n\n    \/* Text Layouts *\/\n    .text-section {\n        margin-bottom: 50px;\n    }\n\n    .text-section h2 {\n        color: var(--primary-color);\n        font-size: 2.2rem;\n        margin-bottom: 20px;\n        border-bottom: 3px solid var(--secondary-color);\n        display: inline-block;\n        padding-bottom: 5px;\n    }\n\n    .text-section h3 {\n        color: var(--primary-color);\n        font-size: 1.5rem;\n        margin-top: 30px;\n        margin-bottom: 15px;\n    }\n\n    .text-section p {\n        font-size: 1.1rem;\n        margin-bottom: 20px;\n    }\n\n    \/* Clearfix for Text Sections *\/\n    .clearfix::after {\n        content: \"\";\n        clear: both;\n        display: table;\n    }\n\n    \/* Two Column Grid for Capabilities *\/\n    .capabilities-grid {\n        display: grid;\n        grid-template-columns: repeat(auto-fit, minmax(450px, 1fr));\n        gap: 40px;\n        margin-top: 40px;\n        margin-bottom: 60px;\n        clear: both; \/* Forces grid below the floating image *\/\n    }\n\n    .capability-box {\n        background: var(--background-light);\n        padding: 30px;\n        border-radius: 8px;\n        border-left: 5px solid var(--secondary-color);\n    }\n\n    .capability-box h4 {\n        color: var(--primary-color);\n        font-size: 1.3rem;\n        margin-top: 0;\n        margin-bottom: 15px;\n    }\n\n    .capability-box p {\n        font-size: 1.05rem;\n        margin-bottom: 0;\n    }\n\n    \/* Call to Action *\/\n    .cta-section {\n        background-color: var(--primary-color);\n        color: #ffffff;\n        text-align: center;\n        padding: 80px 20px;\n        margin-top: 60px;\n        clear: both;\n    }\n\n    .cta-section h2 {\n        margin-top: 0;\n        font-size: 2.5rem;\n    }\n\n    .cta-button {\n        display: inline-block;\n        margin-top: 30px;\n        padding: 18px 40px;\n        background-color: var(--secondary-color);\n        color: #ffffff;\n        text-decoration: none;\n        font-size: 1.1rem;\n        font-weight: bold;\n        border-radius: 5px;\n        transition: background-color 0.3s;\n    }\n\n    .cta-button:hover {\n        background-color: #004494;\n    }\n\n    \/* Responsive Design for Mobile *\/\n    @media (max-width: 900px) {\n        .image-wrapper {\n            float: none;\n            width: 100%;\n            margin: 0 0 30px 0;\n        }\n    }\n\n    @media (max-width: 768px) {\n        .facility-hero h1 { font-size: 2.2rem; }\n        .capabilities-grid { grid-template-columns: 1fr; }\n    }\n<\/style><\/p>\n<section class=\"facility-hero\">\n<h1>usine de fabrication de sacs fourre-tout personnalis\u00e9s<\/h1>\n<p class=\"lead\">Une division hautement sp\u00e9cialis\u00e9e au sein de Biz Njp <a class=\"in-text-link\" href=\"https:\/\/biznjp.com\/fr\/installations-de-fabrication-sur-mesure\/\">installations de fabrication sur mesure<\/a>Nous produisons des sacs r\u00e9utilisables haut de gamme en gros, des sacs fourre-tout promotionnels imprim\u00e9s personnalis\u00e9s et des emballages commerciaux pour la vente au d\u00e9tail.<\/p>\n<div class=\"quick-facts\">Fond\u00e9e en 2006. Superficie des installations : 1\u00a0500 m\u00b2. Sp\u00e9cialisation : Coupe, couture et impression.<\/div>\n<\/section>\n<div class=\"content-container clearfix\">\n<div class=\"text-section\">\n<h2>Votre fournisseur direct de sacs r\u00e9utilisables en gros<\/h2>\n<p>Face \u00e0 la transition du commerce de d\u00e9tail mondial vers des emballages r\u00e9utilisables et de haute qualit\u00e9, la demande n'a jamais \u00e9t\u00e9 aussi forte. Cr\u00e9\u00e9e en 2006, notre usine de production de sacs fourre-tout personnalis\u00e9s, d'une superficie de 1\u00a0500 m\u00e8tres carr\u00e9s, est con\u00e7ue avec soin pour r\u00e9pondre \u00e0 cette demande. Nous travaillons en partenariat direct avec des marques de distribution, des organisateurs d'\u00e9v\u00e9nements d'entreprise et des cha\u00eenes de supermarch\u00e9s du monde entier.<\/p>\n<p>Contrairement aux distributeurs d'objets promotionnels classiques qui se contentent d'imprimer des logos sur des sacs g\u00e9n\u00e9riques pr\u00e9fabriqu\u00e9s, Biz Njp ma\u00eetrise l'int\u00e9gralit\u00e9 du processus de fabrication. De la s\u00e9lection du tissu \u00e0 la r\u00e9alisation d'impressions multicolores complexes et de coutures renforc\u00e9es, nos lignes de production int\u00e9gr\u00e9es garantissent que votre marque est repr\u00e9sent\u00e9e par un produit durable et haut de gamme, \u00e0 prix de gros direct usine.<\/p>\n<\/div>\n<div class=\"text-section\">\n<h3>Notre processus de production en 3 \u00e9tapes<\/h3>\n<p><strong>1. Approvisionnement en tissus et d\u00e9coupe de pr\u00e9cision :<\/strong> Nous utilisons des tissus naturels de premi\u00e8re qualit\u00e9 (coton, toile et jute) ainsi que des mati\u00e8res synth\u00e9tiques r\u00e9sistantes (PP tiss\u00e9 et non tiss\u00e9). Nous travaillons en parall\u00e8le avec nos propres <a class=\"in-text-link\" href=\"\/fr\/industrial-jute-mill-wholesale-burlap-sack-manufacturer\/\">Usine de jute industrielle<\/a>Nous b\u00e9n\u00e9ficions d'un acc\u00e8s privil\u00e9gi\u00e9 \u00e0 des mati\u00e8res premi\u00e8res durables. Des machines de d\u00e9coupe automatis\u00e9es garantissent une constance absolue des dimensions des sacs et de la longueur des anses.<\/p>\n<p><strong>2. Impression et image de marque personnalis\u00e9es\u00a0:<\/strong> Avant la confection des sacs, les panneaux de tissu plats passent par notre atelier d'impression sp\u00e9cialis\u00e9. Nous utilisons des techniques avanc\u00e9es de s\u00e9rigraphie, de transfert thermique et de flexographie en quadrichromie pour garantir des logos nets et \u00e9clatants qui ne s'\u00e9cailleront pas et ne se d\u00e9coloreront pas, m\u00eame apr\u00e8s une utilisation intensive.<\/p>\n<p><strong>3. Couture et finitions commerciales :<\/strong> Notre atelier de confection industrielle emploie des artisans textiles exp\u00e9riment\u00e9s. Chaque sac cabas est dot\u00e9 de coutures crois\u00e9es renforc\u00e9es aux articulations des anses et de coutures robustes, garantissant une capacit\u00e9 de charge sup\u00e9rieure pour une utilisation en magasin et en \u00e9picerie.<\/p>\n<\/div>\n<div class=\"text-section clearfix\">\n<h2>Capacit\u00e9s de fabrication sur mesure<\/h2>\n<p>Nous ne croyons pas aux solutions standardis\u00e9es. Notre usine est \u00e9quip\u00e9e pour g\u00e9rer des productions sur mesure vari\u00e9es, vous permettant de choisir la mati\u00e8re, la taille, la largeur du soufflet, la longueur des anses et le type de fermeture de vos sacs fourre-tout en gros.<\/p>\n<div class=\"capabilities-grid\">\n<div class=\"capability-box\">\n<h4>Sacs cabas en coton naturel et en toile<\/h4>\n<p>La r\u00e9f\u00e9rence en mati\u00e8re de vente au d\u00e9tail et d'objets promotionnels haut de gamme. Nous fabriquons des sacs fourre-tout personnalis\u00e9s en coton et en toile robuste, offrant un toucher doux et naturel ainsi qu'une surface lisse id\u00e9ale pour une impression de logos finement d\u00e9taill\u00e9e et de haute qualit\u00e9.<\/p>\n<\/div>\n<div class=\"capability-box\">\n<h4>Sacs fourre-tout en jute \u00e9cologiques<\/h4>\n<p>Misant sur une esth\u00e9tique rustique et \u00e9co-responsable, nos sacs cabas en jute personnalis\u00e9s sont tr\u00e8s pris\u00e9s des marques d'\u00e9piceries bio, des march\u00e9s de producteurs et des entreprises soucieuses de l'environnement. Ils sont 100 % biod\u00e9gradables et extr\u00eamement r\u00e9sistants.<\/p>\n<\/div>\n<div class=\"capability-box\">\n<h4>Sacs r\u00e9utilisables en polypropyl\u00e8ne non tiss\u00e9<\/h4>\n<p>La solution id\u00e9ale et \u00e9conomique pour la grande distribution, les salons professionnels et les caisses de supermarch\u00e9s. Les sacs en polypropyl\u00e8ne non tiss\u00e9 sont l\u00e9gers, r\u00e9sistants aux liquides et tr\u00e8s \u00e9conomiques, tout en offrant une surface d'impression promotionnelle maximale.<\/p>\n<\/div>\n<div class=\"capability-box\">\n<h4>Sacs de courses tiss\u00e9s en PP<\/h4>\n<p>Con\u00e7us pour supporter des charges importantes et offrir une grande durabilit\u00e9, les sacs tiss\u00e9s en polypropyl\u00e8ne sont les r\u00e9f\u00e9rences du secteur des sacs r\u00e9utilisables. Proposant une finition lamin\u00e9e brillante ou mate, ces sacs offrent une impression personnalis\u00e9e d'une qualit\u00e9 photo exceptionnelle, ainsi qu'une protection imperm\u00e9able.<\/p>\n<\/div>\n<\/div>\n<\/div>\n<div class=\"text-section\">\n<h2>Assurance qualit\u00e9 et pr\u00e9paration \u00e0 la vente au d\u00e9tail<\/h2>\n<p>Un sac fourre-tout promotionnel refl\u00e8te la qualit\u00e9 de votre marque\u00a0; une anse cass\u00e9e nuit \u00e0 votre r\u00e9putation. Notre \u00e9quipe d'assurance qualit\u00e9 effectue des tests de r\u00e9sistance rigoureux directement en usine. Nous testons la capacit\u00e9 de charge des anses, la r\u00e9sistance des coutures et la solidit\u00e9 de l'impression. Nous proposons \u00e9galement des services complets de finition pr\u00eats pour la vente, incluant des \u00e9tiquettes volantes personnalis\u00e9es, l'\u00e9tiquetage par code-barres et l'emballage individuel sous film plastique, afin que vos produits soient pr\u00eats \u00e0 \u00eatre mis en rayon.<\/p>\n<\/div>\n<\/div>\n<section class=\"cta-section\">\n<h2>Concevez votre production personnalis\u00e9e<\/h2>\n<p style=\"font-size: 1.2rem; max-width: 700px; margin: 0 auto;\">\u00c9vitez les interm\u00e9diaires et traitez directement avec le fabricant. Contactez Biz Njp d\u00e8s aujourd'hui pour demander des \u00e9chantillons de tissu, discuter des options d'impression personnalis\u00e9e et obtenir un devis de gros pour vos sacs fourre-tout.<\/p>\n<a class=\"cta-button\" href=\"\/fr\/contact\/\">Demander un devis de production personnalis\u00e9<\/a><\/section>\t\t\t\t\t\t\t\t<\/div>\n\t\t\t\t\t<\/div>\n\t\t\t\t<\/div>\n\t\t\t\t<\/div>","protected":false},"excerpt":{"rendered":"<p>Custom Tote Bag Manufacturing Facility A highly specialized division within Biz Njp&#8217;s custom manufacturing facilities. We produce premium wholesale reusable bags, custom printed promotional totes, and commercial retail packaging. Founded: 2006Facility Size: 1,500 sqmFocus: Cutting, Sewing &amp; Printing Your Direct Source for Wholesale Reusable Bags As the global retail landscape shifts away from single-use plastics, [&#8230;]","protected":false},"author":1,"featured_media":0,"parent":0,"menu_order":0,"comment_status":"closed","ping_status":"closed","template":"","meta":{"footnotes":""},"class_list":["post-1205","page","type-page","status-publish","hentry"],"yoast_head":"<!-- This site is optimized with the Yoast SEO Premium plugin v26.6 (Yoast SEO v26.6) - https:\/\/yoast.com\/wordpress\/plugins\/seo\/ -->\n<title>Custom Tote Bag Manufacturer | Wholesale Reusable Bags<\/title>\n<meta name=\"description\" content=\"Source wholesale reusable bags directly from Biz Njp&#039;s 1,500 sqm custom tote bag manufacturing facility. We produce custom totes.\" \/>\n<meta name=\"robots\" content=\"index, follow, max-snippet:-1, max-image-preview:large, max-video-preview:-1\" \/>\n<link rel=\"canonical\" href=\"https:\/\/biznjp.com\/fr\/fabricant-de-sacs-fourre-tout-personnalises\/\" \/>\n<meta property=\"og:locale\" content=\"fr_FR\" \/>\n<meta property=\"og:type\" content=\"article\" \/>\n<meta property=\"og:title\" content=\"Custom Tote Bag Manufacturing Facility\" \/>\n<meta property=\"og:description\" content=\"Source wholesale reusable bags directly from Biz Njp&#039;s 1,500 sqm custom tote bag manufacturing facility. We produce custom totes.\" \/>\n<meta property=\"og:url\" content=\"https:\/\/biznjp.com\/fr\/fabricant-de-sacs-fourre-tout-personnalises\/\" \/>\n<meta property=\"og:site_name\" content=\"Biz Njp\" \/>\n<meta property=\"article:publisher\" content=\"https:\/\/www.facebook.com\/raphsfitness\" \/>\n<meta property=\"article:modified_time\" content=\"2026-02-21T12:56:49+00:00\" \/>\n<meta property=\"og:image\" content=\"https:\/\/biznjp.com\/wp-content\/uploads\/2026\/01\/Sustainable-Jute-Cotton-Bags-Eco-Friendly-Packaging-Manufacturer-Bangladesh-B2B-Wholesale-for-EU-US-Brands.png\" \/>\n\t<meta property=\"og:image:width\" content=\"2000\" \/>\n\t<meta property=\"og:image:height\" content=\"1200\" \/>\n\t<meta property=\"og:image:type\" content=\"image\/png\" \/>\n<meta name=\"twitter:card\" content=\"summary_large_image\" \/>\n<meta name=\"twitter:site\" content=\"@Biznjp_EcoPack\" \/>\n<meta name=\"twitter:label1\" content=\"Dur\u00e9e de lecture estim\u00e9e\" \/>\n\t<meta name=\"twitter:data1\" content=\"3 minutes\" \/>\n<script type=\"application\/ld+json\" class=\"yoast-schema-graph\">{\"@context\":\"https:\/\/schema.org\",\"@graph\":[{\"@type\":\"WebPage\",\"@id\":\"https:\/\/biznjp.com\/custom-tote-bag-manufacturer\/\",\"url\":\"https:\/\/biznjp.com\/custom-tote-bag-manufacturer\/\",\"name\":\"Custom Tote Bag Manufacturer | Wholesale Reusable Bags\",\"isPartOf\":{\"@id\":\"https:\/\/biznjp.com\/#website\"},\"datePublished\":\"2026-02-21T12:53:06+00:00\",\"dateModified\":\"2026-02-21T12:56:49+00:00\",\"description\":\"Source wholesale reusable bags directly from Biz Njp's 1,500 sqm custom tote bag manufacturing facility. We produce custom totes.\",\"breadcrumb\":{\"@id\":\"https:\/\/biznjp.com\/custom-tote-bag-manufacturer\/#breadcrumb\"},\"inLanguage\":\"fr-FR\",\"potentialAction\":[{\"@type\":\"ReadAction\",\"target\":[\"https:\/\/biznjp.com\/custom-tote-bag-manufacturer\/\"]}]},{\"@type\":\"BreadcrumbList\",\"@id\":\"https:\/\/biznjp.com\/custom-tote-bag-manufacturer\/#breadcrumb\",\"itemListElement\":[{\"@type\":\"ListItem\",\"position\":1,\"name\":\"Home\",\"item\":\"https:\/\/biznjp.com\/\"},{\"@type\":\"ListItem\",\"position\":2,\"name\":\"Custom Tote Bag Manufacturing Facility\"}]},{\"@type\":\"WebSite\",\"@id\":\"https:\/\/biznjp.com\/#website\",\"url\":\"https:\/\/biznjp.com\/\",\"name\":\"Biz Njp: Packaging, Apparel & Handicrafts\",\"description\":\"Sustainable Jute &amp; Cotton Bags, Eco-Friendly Packaging Manufacturer Bangladesh | B2B Wholesale for EU &amp; US Brands\",\"publisher\":{\"@id\":\"https:\/\/biznjp.com\/#organization\"},\"alternateName\":\"Biz Njp Manufacturing\",\"potentialAction\":[{\"@type\":\"SearchAction\",\"target\":{\"@type\":\"EntryPoint\",\"urlTemplate\":\"https:\/\/biznjp.com\/?s={search_term_string}\"},\"query-input\":{\"@type\":\"PropertyValueSpecification\",\"valueRequired\":true,\"valueName\":\"search_term_string\"}}],\"inLanguage\":\"fr-FR\"},{\"@type\":\"Organization\",\"@id\":\"https:\/\/biznjp.com\/#organization\",\"name\":\"Biz Njp: Packaging, Apparel & Merchandise\",\"alternateName\":\"Biz Njp\",\"url\":\"https:\/\/biznjp.com\/\",\"logo\":{\"@type\":\"ImageObject\",\"inLanguage\":\"fr-FR\",\"@id\":\"https:\/\/biznjp.com\/#\/schema\/logo\/image\/\",\"url\":\"https:\/\/biznjp.com\/wp-content\/uploads\/2025\/12\/Biz-Njp-Logo.png\",\"contentUrl\":\"https:\/\/biznjp.com\/wp-content\/uploads\/2025\/12\/Biz-Njp-Logo.png\",\"width\":1563,\"height\":1563,\"caption\":\"Biz Njp: Packaging, Apparel & Merchandise\"},\"image\":{\"@id\":\"https:\/\/biznjp.com\/#\/schema\/logo\/image\/\"},\"sameAs\":[\"https:\/\/www.facebook.com\/raphsfitness\",\"https:\/\/x.com\/Biznjp_EcoPack\",\"https:\/\/www.youtube.com\/@BizNJP_SustainablePackaging\",\"https:\/\/www.instagram.com\/biznjp\/\",\"https:\/\/linkedin.com\/company\/biz-njp-sustainable-packaging\",\"https:\/\/se.pinterest.com\/BizNjpJuteSolutions\/\",\"https:\/\/www.tiktok.com\/@biznjp_ecopackaging\"],\"description\":\"Biz Njp is a premier Sustainable Apparel Manufacturer and Eco-Friendly Packaging Supplier serving EU and US brands. Since the 1990s, our factory in Bangladesh has specialized in Custom Jute Bags Wholesale and Private Label Clothing. We bridge the gap between cost-effective sourcing and Western quality standards. Our production includes printed jute bags, organic cotton totes, and corporate uniforms made with Ethical Textile Production. With offices in Portugal and the USA, we handle all export logistics for a seamless supply chain. Whether you need samples or bulk containers, access factory-direct pricing and flexible MOQs. Partner with Biz Njp for reliable, eco-conscious manufacturing. Contact us today.\",\"email\":\"info@biznjp.com\",\"telephone\":\"+46734880968\",\"legalName\":\"Biz Njp\",\"foundingDate\":\"1990-01-01\",\"vatID\":\"000990496-0208\",\"taxID\":\"000990496-0208\",\"numberOfEmployees\":{\"@type\":\"QuantitativeValue\",\"minValue\":\"1001\",\"maxValue\":\"5000\"},\"publishingPrinciples\":\"https:\/\/biznjp.com\/manufacturing-privacy-policy\/\",\"ownershipFundingInfo\":\"https:\/\/biznjp.com\/about-us\/\",\"actionableFeedbackPolicy\":\"https:\/\/biznjp.com\/manufacturing-privacy-policy\/\",\"correctionsPolicy\":\"https:\/\/biznjp.com\/refund-returns\/\",\"ethicsPolicy\":\"https:\/\/biznjp.com\/about-us\/\",\"diversityPolicy\":\"https:\/\/biznjp.com\/our-team\/\",\"diversityStaffingReport\":\"https:\/\/biznjp.com\/our-team\/\"}]}<\/script>\n<!-- \/ Yoast SEO Premium plugin. -->","yoast_head_json":{"title":"Fabricant de sacs fourre-tout personnalis\u00e9s | Vente en gros de sacs r\u00e9utilisables","description":"Achetez des sacs r\u00e9utilisables en gros directement aupr\u00e8s de l'usine de fabrication de sacs fourre-tout personnalis\u00e9s de Biz Njp, d'une superficie de 1\u00a0500 m\u00b2. Nous produisons des sacs fourre-tout personnalis\u00e9s.","robots":{"index":"index","follow":"follow","max-snippet":"max-snippet:-1","max-image-preview":"max-image-preview:large","max-video-preview":"max-video-preview:-1"},"canonical":"https:\/\/biznjp.com\/fr\/fabricant-de-sacs-fourre-tout-personnalises\/","og_locale":"fr_FR","og_type":"article","og_title":"Custom Tote Bag Manufacturing Facility","og_description":"Source wholesale reusable bags directly from Biz Njp's 1,500 sqm custom tote bag manufacturing facility. We produce custom totes.","og_url":"https:\/\/biznjp.com\/fr\/fabricant-de-sacs-fourre-tout-personnalises\/","og_site_name":"Biz Njp","article_publisher":"https:\/\/www.facebook.com\/raphsfitness","article_modified_time":"2026-02-21T12:56:49+00:00","og_image":[{"width":2000,"height":1200,"url":"https:\/\/biznjp.com\/wp-content\/uploads\/2026\/01\/Sustainable-Jute-Cotton-Bags-Eco-Friendly-Packaging-Manufacturer-Bangladesh-B2B-Wholesale-for-EU-US-Brands.png","type":"image\/png"}],"twitter_card":"summary_large_image","twitter_site":"@Biznjp_EcoPack","twitter_misc":{"Dur\u00e9e de lecture estim\u00e9e":"3 minutes"},"schema":{"@context":"https:\/\/schema.org","@graph":[{"@type":"WebPage","@id":"https:\/\/biznjp.com\/custom-tote-bag-manufacturer\/","url":"https:\/\/biznjp.com\/custom-tote-bag-manufacturer\/","name":"Fabricant de sacs fourre-tout personnalis\u00e9s | Vente en gros de sacs r\u00e9utilisables","isPartOf":{"@id":"https:\/\/biznjp.com\/#website"},"datePublished":"2026-02-21T12:53:06+00:00","dateModified":"2026-02-21T12:56:49+00:00","description":"Achetez des sacs r\u00e9utilisables en gros directement aupr\u00e8s de l'usine de fabrication de sacs fourre-tout personnalis\u00e9s de Biz Njp, d'une superficie de 1\u00a0500 m\u00b2. Nous produisons des sacs fourre-tout personnalis\u00e9s.","breadcrumb":{"@id":"https:\/\/biznjp.com\/custom-tote-bag-manufacturer\/#breadcrumb"},"inLanguage":"fr-FR","potentialAction":[{"@type":"ReadAction","target":["https:\/\/biznjp.com\/custom-tote-bag-manufacturer\/"]}]},{"@type":"BreadcrumbList","@id":"https:\/\/biznjp.com\/custom-tote-bag-manufacturer\/#breadcrumb","itemListElement":[{"@type":"ListItem","position":1,"name":"Home","item":"https:\/\/biznjp.com\/"},{"@type":"ListItem","position":2,"name":"Custom Tote Bag Manufacturing Facility"}]},{"@type":"WebSite","@id":"https:\/\/biznjp.com\/#website","url":"https:\/\/biznjp.com\/","name":"Biz Njp : Emballage, v\u00eatements et artisanat","description":"Sacs durables en jute et coton, fabricant d'emballages \u00e9cologiques au Bangladesh | Vente en gros B2B pour les marques de l'UE et des \u00c9tats-Unis","publisher":{"@id":"https:\/\/biznjp.com\/#organization"},"alternateName":"Biz Njp Manufacturing","potentialAction":[{"@type":"SearchAction","target":{"@type":"EntryPoint","urlTemplate":"https:\/\/biznjp.com\/?s={search_term_string}"},"query-input":{"@type":"PropertyValueSpecification","valueRequired":true,"valueName":"search_term_string"}}],"inLanguage":"fr-FR"},{"@type":"Organization","@id":"https:\/\/biznjp.com\/#organization","name":"Biz Njp\u00a0: emballages, v\u00eatements et marchandises","alternateName":"Biz Njp","url":"https:\/\/biznjp.com\/","logo":{"@type":"ImageObject","inLanguage":"fr-FR","@id":"https:\/\/biznjp.com\/#\/schema\/logo\/image\/","url":"https:\/\/biznjp.com\/wp-content\/uploads\/2025\/12\/Biz-Njp-Logo.png","contentUrl":"https:\/\/biznjp.com\/wp-content\/uploads\/2025\/12\/Biz-Njp-Logo.png","width":1563,"height":1563,"caption":"Biz Njp: Packaging, Apparel & Merchandise"},"image":{"@id":"https:\/\/biznjp.com\/#\/schema\/logo\/image\/"},"sameAs":["https:\/\/www.facebook.com\/raphsfitness","https:\/\/x.com\/Biznjp_EcoPack","https:\/\/www.youtube.com\/@BizNJP_SustainablePackaging","https:\/\/www.instagram.com\/biznjp\/","https:\/\/linkedin.com\/company\/biz-njp-sustainable-packaging","https:\/\/se.pinterest.com\/BizNjpJuteSolutions\/","https:\/\/www.tiktok.com\/@biznjp_ecopackaging"],"description":"Biz Njp est un fabricant de v\u00eatements durables et un fournisseur d'emballages \u00e9cologiques de premier plan, au service des marques europ\u00e9ennes et am\u00e9ricaines. Depuis les ann\u00e9es 1990, notre usine au Bangladesh est sp\u00e9cialis\u00e9e dans la vente en gros de sacs en jute personnalis\u00e9s et de v\u00eatements de marque priv\u00e9e. Nous assurons un approvisionnement rentable tout en respectant les normes de qualit\u00e9 occidentales. Notre production comprend des sacs en jute imprim\u00e9s, des cabas en coton biologique et des uniformes d'entreprise fabriqu\u00e9s selon des principes de production textile \u00e9thique. Avec des bureaux au Portugal et aux \u00c9tats-Unis, nous g\u00e9rons l'ensemble de la logistique d'exportation pour une cha\u00eene d'approvisionnement fluide. Que vous ayez besoin d'\u00e9chantillons ou de conteneurs en vrac, b\u00e9n\u00e9ficiez de prix directs d'usine et de quantit\u00e9s minimales de commande flexibles. Faites confiance \u00e0 Biz Njp pour une fabrication fiable et \u00e9co-responsable. Contactez-nous d\u00e8s aujourd'hui.","email":"info@biznjp.com","telephone":"+46734880968","legalName":"Biz Njp","foundingDate":"1990-01-01","vatID":"000990496-0208","taxID":"000990496-0208","numberOfEmployees":{"@type":"QuantitativeValue","minValue":"1001","maxValue":"5000"},"publishingPrinciples":"https:\/\/biznjp.com\/manufacturing-privacy-policy\/","ownershipFundingInfo":"https:\/\/biznjp.com\/about-us\/","actionableFeedbackPolicy":"https:\/\/biznjp.com\/manufacturing-privacy-policy\/","correctionsPolicy":"https:\/\/biznjp.com\/refund-returns\/","ethicsPolicy":"https:\/\/biznjp.com\/about-us\/","diversityPolicy":"https:\/\/biznjp.com\/our-team\/","diversityStaffingReport":"https:\/\/biznjp.com\/our-team\/"}]}},"_links":{"self":[{"href":"https:\/\/biznjp.com\/fr\/wp-json\/wp\/v2\/pages\/1205","targetHints":{"allow":["GET"]}}],"collection":[{"href":"https:\/\/biznjp.com\/fr\/wp-json\/wp\/v2\/pages"}],"about":[{"href":"https:\/\/biznjp.com\/fr\/wp-json\/wp\/v2\/types\/page"}],"author":[{"embeddable":true,"href":"https:\/\/biznjp.com\/fr\/wp-json\/wp\/v2\/users\/1"}],"replies":[{"embeddable":true,"href":"https:\/\/biznjp.com\/fr\/wp-json\/wp\/v2\/comments?post=1205"}],"version-history":[{"count":4,"href":"https:\/\/biznjp.com\/fr\/wp-json\/wp\/v2\/pages\/1205\/revisions"}],"predecessor-version":[{"id":1209,"href":"https:\/\/biznjp.com\/fr\/wp-json\/wp\/v2\/pages\/1205\/revisions\/1209"}],"wp:attachment":[{"href":"https:\/\/biznjp.com\/fr\/wp-json\/wp\/v2\/media?parent=1205"}],"curies":[{"name":"wp","href":"https:\/\/api.w.org\/{rel}","templated":true}]}}