{"id":1205,"date":"2026-02-21T13:53:06","date_gmt":"2026-02-21T12:53:06","guid":{"rendered":"https:\/\/biznjp.com\/?page_id=1205"},"modified":"2026-02-21T13:56:49","modified_gmt":"2026-02-21T12:56:49","slug":"hersteller-von-masgefertigten-tragetaschen","status":"publish","type":"page","link":"https:\/\/biznjp.com\/de\/hersteller-von-masgefertigten-tragetaschen\/","title":{"rendered":"Produktionsst\u00e4tte f\u00fcr kundenspezifische Tragetaschen"},"content":{"rendered":"<div data-elementor-type=\"wp-page\" data-elementor-id=\"1205\" class=\"elementor elementor-1205\" data-elementor-post-type=\"page\">\n\t\t\t\t<div class=\"elementor-element elementor-element-249042fd e-flex e-con-boxed e-con e-parent\" data-id=\"249042fd\" data-element_type=\"container\">\n\t\t\t\t\t<div class=\"e-con-inner\">\n\t\t\t\t<div class=\"elementor-element elementor-element-32babd1d elementor-widget elementor-widget-text-editor\" data-id=\"32babd1d\" data-element_type=\"widget\" data-widget_type=\"text-editor.default\">\n\t\t\t\t\t\t\t\t\t<p><style>\n    \/* Base Styles *\/\n    :root {\n        --primary-color: #003366;\n        --secondary-color: #0056b3;\n        --background-light: #f4f7fb;\n        --text-main: #333333;\n        --text-muted: #666666;\n    }\n\n    body {\n        font-family: 'Segoe UI', Roboto, Helvetica, Arial, sans-serif;\n        line-height: 1.8;\n        color: var(--text-main);\n        margin: 0;\n        padding: 0;\n        background-color: #ffffff;\n    }\n\n    \/* In-Text Link Styling *\/\n    a.in-text-link {\n        color: var(--secondary-color);\n        text-decoration: none;\n        font-weight: 600;\n        transition: color 0.2s ease;\n    }\n\n    a.in-text-link:hover {\n        color: var(--primary-color);\n        text-decoration: underline;\n    }\n\n    \/* Hero Section *\/\n    .facility-hero {\n        background-color: var(--background-light);\n        padding: 80px 20px;\n        text-align: center;\n        border-bottom: 1px solid #eaeaea;\n    }\n\n    .facility-hero h1 {\n        color: var(--primary-color);\n        font-size: 3rem;\n        margin-bottom: 20px;\n        line-height: 1.2;\n    }\n\n    .facility-hero p.lead {\n        max-width: 900px;\n        margin: 0 auto;\n        font-size: 1.25rem;\n        color: var(--text-muted);\n    }\n\n    .quick-facts {\n        display: flex;\n        justify-content: center;\n        flex-wrap: wrap;\n        gap: 20px;\n        margin-top: 30px;\n    }\n\n    .quick-facts span {\n        background: rgba(0, 86, 179, 0.1);\n        color: var(--secondary-color);\n        padding: 8px 16px;\n        border-radius: 4px;\n        font-weight: 600;\n        font-size: 1rem;\n    }\n\n    \/* Main Content Container *\/\n    .content-container {\n        max-width: 1200px;\n        margin: 60px auto;\n        padding: 0 20px;\n    }\n\n    \/* Text-Wrapped Image Styling *\/\n    .image-wrapper {\n        float: right;\n        width: 45%;\n        margin: 0 0 30px 40px;\n    }\n\n    .featured-image {\n        width: 100%;\n        height: auto;\n        border-radius: 8px;\n        box-shadow: 0 4px 15px rgba(0,0,0,0.1);\n        display: block;\n    }\n\n    \/* Text Layouts *\/\n    .text-section {\n        margin-bottom: 50px;\n    }\n\n    .text-section h2 {\n        color: var(--primary-color);\n        font-size: 2.2rem;\n        margin-bottom: 20px;\n        border-bottom: 3px solid var(--secondary-color);\n        display: inline-block;\n        padding-bottom: 5px;\n    }\n\n    .text-section h3 {\n        color: var(--primary-color);\n        font-size: 1.5rem;\n        margin-top: 30px;\n        margin-bottom: 15px;\n    }\n\n    .text-section p {\n        font-size: 1.1rem;\n        margin-bottom: 20px;\n    }\n\n    \/* Clearfix for Text Sections *\/\n    .clearfix::after {\n        content: \"\";\n        clear: both;\n        display: table;\n    }\n\n    \/* Two Column Grid for Capabilities *\/\n    .capabilities-grid {\n        display: grid;\n        grid-template-columns: repeat(auto-fit, minmax(450px, 1fr));\n        gap: 40px;\n        margin-top: 40px;\n        margin-bottom: 60px;\n        clear: both; \/* Forces grid below the floating image *\/\n    }\n\n    .capability-box {\n        background: var(--background-light);\n        padding: 30px;\n        border-radius: 8px;\n        border-left: 5px solid var(--secondary-color);\n    }\n\n    .capability-box h4 {\n        color: var(--primary-color);\n        font-size: 1.3rem;\n        margin-top: 0;\n        margin-bottom: 15px;\n    }\n\n    .capability-box p {\n        font-size: 1.05rem;\n        margin-bottom: 0;\n    }\n\n    \/* Call to Action *\/\n    .cta-section {\n        background-color: var(--primary-color);\n        color: #ffffff;\n        text-align: center;\n        padding: 80px 20px;\n        margin-top: 60px;\n        clear: both;\n    }\n\n    .cta-section h2 {\n        margin-top: 0;\n        font-size: 2.5rem;\n    }\n\n    .cta-button {\n        display: inline-block;\n        margin-top: 30px;\n        padding: 18px 40px;\n        background-color: var(--secondary-color);\n        color: #ffffff;\n        text-decoration: none;\n        font-size: 1.1rem;\n        font-weight: bold;\n        border-radius: 5px;\n        transition: background-color 0.3s;\n    }\n\n    .cta-button:hover {\n        background-color: #004494;\n    }\n\n    \/* Responsive Design for Mobile *\/\n    @media (max-width: 900px) {\n        .image-wrapper {\n            float: none;\n            width: 100%;\n            margin: 0 0 30px 0;\n        }\n    }\n\n    @media (max-width: 768px) {\n        .facility-hero h1 { font-size: 2.2rem; }\n        .capabilities-grid { grid-template-columns: 1fr; }\n    }\n<\/style><\/p>\n<section class=\"facility-hero\">\n<h1>Produktionsst\u00e4tte f\u00fcr kundenspezifische Tragetaschen<\/h1>\n<p class=\"lead\">Eine hochspezialisierte Abteilung innerhalb von Biz Njp. <a class=\"in-text-link\" href=\"https:\/\/biznjp.com\/de\/kundenspezifische-fertigungsanlagen\/\">kundenspezifische Fertigungsanlagen<\/a>Wir produzieren hochwertige wiederverwendbare Taschen f\u00fcr den Gro\u00dfhandel, individuell bedruckte Werbetaschen und Verpackungen f\u00fcr den Einzelhandel.<\/p>\n<div class=\"quick-facts\">Gegr\u00fcndet: 2006; Betriebsgr\u00f6\u00dfe: 1.500 m\u00b2; Schwerpunkt: Zuschnitt, N\u00e4hen &amp; Bedrucken<\/div>\n<\/section>\n<div class=\"content-container clearfix\">\n<div class=\"text-section\">\n<h2>Direkt vom Hersteller f\u00fcr wiederverwendbare Taschen im Gro\u00dfhandel<\/h2>\n<p>Da sich der globale Einzelhandel zunehmend von Einwegplastik abwendet, ist die Nachfrage nach hochwertigen, wiederverwendbaren Verpackungen so hoch wie nie zuvor. Unsere 2006 gegr\u00fcndete, 1.500 Quadratmeter gro\u00dfe Produktionsst\u00e4tte f\u00fcr individuell gestaltete Tragetaschen ist pr\u00e4zise auf diese Bed\u00fcrfnisse zugeschnitten. Wir sind direkter Produktionspartner f\u00fcr Einzelhandelsmarken, Veranstalter von Firmenevents und Supermarktketten weltweit.<\/p>\n<p>Anders als herk\u00f6mmliche Werbeartikelh\u00e4ndler, die Logos lediglich auf Standard-Vordrucktaschen drucken, kontrolliert Biz Njp den gesamten Herstellungsprozess. Von der Auswahl des Rohmaterials \u00fcber komplexe Mehrfarbendrucke bis hin zu verst\u00e4rkten N\u00e4hten \u2013 unsere hauseigenen Produktionslinien garantieren, dass Ihre Marke durch ein langlebiges Premiumprodukt zum Gro\u00dfhandelspreis direkt ab Werk repr\u00e4sentiert wird.<\/p>\n<\/div>\n<div class=\"text-section\">\n<h3>Unser 3-stufiger Produktionsprozess<\/h3>\n<p><strong>1. Stoffbeschaffung &amp; Pr\u00e4zisionszuschnitt:<\/strong> Wir verwenden hochwertige Naturfasern (Baumwolle, Canvas und Jute) sowie strapazierf\u00e4hige Synthetikfasern (PP-Gewebe und -Vlies). Da wir parallel zu unseren eigenen Produkten arbeiten, <a class=\"in-text-link\" href=\"\/de\/industrieller-jute-groshandler-fur-jutesacke\/\">Industrielle Jutem\u00fchle<\/a>Wir haben einen beispiellosen Zugang zu nachhaltigen Rohstoffen. Automatisierte Stanzmaschinen gew\u00e4hrleisten absolute Einheitlichkeit bei den Taschenabmessungen und Riemenl\u00e4ngen.<\/p>\n<p><strong>2. Individueller Druck &amp; Branding:<\/strong> Bevor die Taschen gen\u00e4ht werden, durchlaufen die flachen Stoffbahnen unsere spezielle Druckabteilung. Wir verwenden modernste Siebdruck-, Thermotransfer- und Flexodruckverfahren, um gestochen scharfe, brillante Logos zu gew\u00e4hrleisten, die auch nach starker Beanspruchung nicht abbl\u00e4ttern oder verblassen.<\/p>\n<p><strong>3. Kommerzielle N\u00e4herei und Endbearbeitung:<\/strong> Unsere N\u00e4herei ist mit erfahrenen Textilfachkr\u00e4ften besetzt. Jede Tragetasche verf\u00fcgt \u00fcber verst\u00e4rkte Kreuzn\u00e4hte an den Henkelgelenken und robuste N\u00e4hte, um eine hohe Belastbarkeit f\u00fcr den Einsatz im Einzelhandel und Lebensmittelhandel zu gew\u00e4hrleisten.<\/p>\n<\/div>\n<div class=\"text-section clearfix\">\n<h2>Kundenspezifische Fertigungsm\u00f6glichkeiten<\/h2>\n<p>Wir glauben nicht an Einheitsl\u00f6sungen. Unsere Produktionsst\u00e4tte ist f\u00fcr die Fertigung unterschiedlichster Sonderanfertigungen ausgestattet, sodass Sie Material, Gr\u00f6\u00dfe, Seitenfaltenbreite, Henkell\u00e4nge und Verschlussart Ihrer Gro\u00dfhandels-Tragetaschen selbst bestimmen k\u00f6nnen.<\/p>\n<div class=\"capabilities-grid\">\n<div class=\"capability-box\">\n<h4>Tragetaschen aus nat\u00fcrlicher Baumwolle und Canvas<\/h4>\n<p>Der Goldstandard f\u00fcr exklusive Einzelhandelsprodukte und hochwertige Werbegeschenke. Wir fertigen ma\u00dfgeschneiderte Tragetaschen aus Baumwolle und robustem Canvas, die sich weich und nat\u00fcrlich anf\u00fchlen und eine exzellente, glatte Oberfl\u00e4che f\u00fcr detailreichen, hochaufl\u00f6senden Logodruck bieten.<\/p>\n<\/div>\n<div class=\"capability-box\">\n<h4>Umweltfreundliche Jute-Tragetaschen<\/h4>\n<p>Unsere individuell gestaltbaren Jute-Tragetaschen bestechen durch ihre rustikale und umweltbewusste \u00c4sthetik und sind daher bei Bio-Lebensmittelmarken, Wochenm\u00e4rkten und als nachhaltiges Firmengeschenk \u00e4u\u00dferst beliebt. Sie sind zu 100 % biologisch abbaubar und zeichnen sich durch extreme Rei\u00dffestigkeit aus.<\/p>\n<\/div>\n<div class=\"capability-box\">\n<h4>Mehrwegbeutel aus PP-Vlies<\/h4>\n<p>Die optimale, kosteng\u00fcnstige L\u00f6sung f\u00fcr den gro\u00dffl\u00e4chigen Einzelhandel, Messen und Supermarktkassen. PP-Vliestaschen sind leicht, fl\u00fcssigkeitsabweisend und \u00e4u\u00dferst wirtschaftlich und bieten gleichzeitig eine riesige Fl\u00e4che f\u00fcr vollfl\u00e4chigen Werbedruck.<\/p>\n<\/div>\n<div class=\"capability-box\">\n<h4>PP-Einkaufstaschen aus Gewebe<\/h4>\n<p>PP-Gewebes\u00e4cke sind f\u00fcr hohe Belastungen und lange Haltbarkeit ausgelegt und gelten als die Schwergewichte unter den Mehrwegtaschen. Mit ihrer gl\u00e4nzenden oder matten Laminierung bieten diese S\u00e4cke neben wasserdichtem Schutz auch brillante, fotorealistische Druckm\u00f6glichkeiten.<\/p>\n<\/div>\n<\/div>\n<\/div>\n<div class=\"text-section\">\n<h2>Qualit\u00e4tssicherung &amp; Einzelhandelsbereitschaft<\/h2>\n<p>Eine Werbetasche spiegelt die Qualit\u00e4t Ihrer Marke wider; bricht ein Henkel, schadet das Ihrem Ruf. Unser Qualit\u00e4tssicherungsteam f\u00fchrt daher strenge Belastungstests direkt im Werk durch. Wir pr\u00fcfen die Belastbarkeit der Henkel, die Rei\u00dffestigkeit der N\u00e4hte und die Farbechtheit des Aufdrucks. Dar\u00fcber hinaus bieten wir umfassende verkaufsfertige Veredelungsleistungen an, darunter individuelle Anh\u00e4ngeetiketten, Barcode-Etikettierung und Einzelverpackung in Polybeutel. So stellen wir sicher, dass Ihre Produkte direkt im Regal ankommen.<\/p>\n<\/div>\n<\/div>\n<section class=\"cta-section\">\n<h2>Gestalten Sie Ihre individuelle Produktionsserie<\/h2>\n<p style=\"font-size: 1.2rem; max-width: 700px; margin: 0 auto;\">Verzichten Sie auf Werbevermittler und arbeiten Sie direkt mit dem Hersteller zusammen. Kontaktieren Sie Biz Njp noch heute, um Stoffmuster anzufordern, individuelle Druckoptionen zu besprechen und ein Gro\u00dfhandelsangebot f\u00fcr Ihre Tragetaschen zu erhalten.<\/p>\n<a class=\"cta-button\" href=\"\/de\/contact\/\">Fordern Sie ein individuelles Produktionsangebot an<\/a><\/section>\t\t\t\t\t\t\t\t<\/div>\n\t\t\t\t\t<\/div>\n\t\t\t\t<\/div>\n\t\t\t\t<\/div>","protected":false},"excerpt":{"rendered":"<p>Custom Tote Bag Manufacturing Facility A highly specialized division within Biz Njp&#8217;s custom manufacturing facilities. We produce premium wholesale reusable bags, custom printed promotional totes, and commercial retail packaging. Founded: 2006Facility Size: 1,500 sqmFocus: Cutting, Sewing &amp; Printing Your Direct Source for Wholesale Reusable Bags As the global retail landscape shifts away from single-use plastics, [&#8230;]","protected":false},"author":1,"featured_media":0,"parent":0,"menu_order":0,"comment_status":"closed","ping_status":"closed","template":"","meta":{"footnotes":""},"class_list":["post-1205","page","type-page","status-publish","hentry"],"yoast_head":"<!-- This site is optimized with the Yoast SEO Premium plugin v26.6 (Yoast SEO v26.6) - https:\/\/yoast.com\/wordpress\/plugins\/seo\/ -->\n<title>Custom Tote Bag Manufacturer | Wholesale Reusable Bags<\/title>\n<meta name=\"description\" content=\"Source wholesale reusable bags directly from Biz Njp&#039;s 1,500 sqm custom tote bag manufacturing facility. We produce custom totes.\" \/>\n<meta name=\"robots\" content=\"index, follow, max-snippet:-1, max-image-preview:large, max-video-preview:-1\" \/>\n<link rel=\"canonical\" href=\"https:\/\/biznjp.com\/de\/hersteller-von-masgefertigten-tragetaschen\/\" \/>\n<meta property=\"og:locale\" content=\"de_DE\" \/>\n<meta property=\"og:type\" content=\"article\" \/>\n<meta property=\"og:title\" content=\"Custom Tote Bag Manufacturing Facility\" \/>\n<meta property=\"og:description\" content=\"Source wholesale reusable bags directly from Biz Njp&#039;s 1,500 sqm custom tote bag manufacturing facility. We produce custom totes.\" \/>\n<meta property=\"og:url\" content=\"https:\/\/biznjp.com\/de\/hersteller-von-masgefertigten-tragetaschen\/\" \/>\n<meta property=\"og:site_name\" content=\"Biz Njp\" \/>\n<meta property=\"article:publisher\" content=\"https:\/\/www.facebook.com\/raphsfitness\" \/>\n<meta property=\"article:modified_time\" content=\"2026-02-21T12:56:49+00:00\" \/>\n<meta property=\"og:image\" content=\"https:\/\/biznjp.com\/wp-content\/uploads\/2026\/01\/Sustainable-Jute-Cotton-Bags-Eco-Friendly-Packaging-Manufacturer-Bangladesh-B2B-Wholesale-for-EU-US-Brands.png\" \/>\n\t<meta property=\"og:image:width\" content=\"2000\" \/>\n\t<meta property=\"og:image:height\" content=\"1200\" \/>\n\t<meta property=\"og:image:type\" content=\"image\/png\" \/>\n<meta name=\"twitter:card\" content=\"summary_large_image\" \/>\n<meta name=\"twitter:site\" content=\"@Biznjp_EcoPack\" \/>\n<meta name=\"twitter:label1\" content=\"Gesch\u00e4tzte Lesezeit\" \/>\n\t<meta name=\"twitter:data1\" content=\"3\u00a0Minuten\" \/>\n<script type=\"application\/ld+json\" class=\"yoast-schema-graph\">{\"@context\":\"https:\/\/schema.org\",\"@graph\":[{\"@type\":\"WebPage\",\"@id\":\"https:\/\/biznjp.com\/custom-tote-bag-manufacturer\/\",\"url\":\"https:\/\/biznjp.com\/custom-tote-bag-manufacturer\/\",\"name\":\"Custom Tote Bag Manufacturer | Wholesale Reusable Bags\",\"isPartOf\":{\"@id\":\"https:\/\/biznjp.com\/#website\"},\"datePublished\":\"2026-02-21T12:53:06+00:00\",\"dateModified\":\"2026-02-21T12:56:49+00:00\",\"description\":\"Source wholesale reusable bags directly from Biz Njp's 1,500 sqm custom tote bag manufacturing facility. We produce custom totes.\",\"breadcrumb\":{\"@id\":\"https:\/\/biznjp.com\/custom-tote-bag-manufacturer\/#breadcrumb\"},\"inLanguage\":\"de\",\"potentialAction\":[{\"@type\":\"ReadAction\",\"target\":[\"https:\/\/biznjp.com\/custom-tote-bag-manufacturer\/\"]}]},{\"@type\":\"BreadcrumbList\",\"@id\":\"https:\/\/biznjp.com\/custom-tote-bag-manufacturer\/#breadcrumb\",\"itemListElement\":[{\"@type\":\"ListItem\",\"position\":1,\"name\":\"Home\",\"item\":\"https:\/\/biznjp.com\/\"},{\"@type\":\"ListItem\",\"position\":2,\"name\":\"Custom Tote Bag Manufacturing Facility\"}]},{\"@type\":\"WebSite\",\"@id\":\"https:\/\/biznjp.com\/#website\",\"url\":\"https:\/\/biznjp.com\/\",\"name\":\"Biz Njp: Packaging, Apparel & Handicrafts\",\"description\":\"Sustainable Jute &amp; Cotton Bags, Eco-Friendly Packaging Manufacturer Bangladesh | B2B Wholesale for EU &amp; US Brands\",\"publisher\":{\"@id\":\"https:\/\/biznjp.com\/#organization\"},\"alternateName\":\"Biz Njp Manufacturing\",\"potentialAction\":[{\"@type\":\"SearchAction\",\"target\":{\"@type\":\"EntryPoint\",\"urlTemplate\":\"https:\/\/biznjp.com\/?s={search_term_string}\"},\"query-input\":{\"@type\":\"PropertyValueSpecification\",\"valueRequired\":true,\"valueName\":\"search_term_string\"}}],\"inLanguage\":\"de\"},{\"@type\":\"Organization\",\"@id\":\"https:\/\/biznjp.com\/#organization\",\"name\":\"Biz Njp: Packaging, Apparel & Merchandise\",\"alternateName\":\"Biz Njp\",\"url\":\"https:\/\/biznjp.com\/\",\"logo\":{\"@type\":\"ImageObject\",\"inLanguage\":\"de\",\"@id\":\"https:\/\/biznjp.com\/#\/schema\/logo\/image\/\",\"url\":\"https:\/\/biznjp.com\/wp-content\/uploads\/2025\/12\/Biz-Njp-Logo.png\",\"contentUrl\":\"https:\/\/biznjp.com\/wp-content\/uploads\/2025\/12\/Biz-Njp-Logo.png\",\"width\":1563,\"height\":1563,\"caption\":\"Biz Njp: Packaging, Apparel & Merchandise\"},\"image\":{\"@id\":\"https:\/\/biznjp.com\/#\/schema\/logo\/image\/\"},\"sameAs\":[\"https:\/\/www.facebook.com\/raphsfitness\",\"https:\/\/x.com\/Biznjp_EcoPack\",\"https:\/\/www.youtube.com\/@BizNJP_SustainablePackaging\",\"https:\/\/www.instagram.com\/biznjp\/\",\"https:\/\/linkedin.com\/company\/biz-njp-sustainable-packaging\",\"https:\/\/se.pinterest.com\/BizNjpJuteSolutions\/\",\"https:\/\/www.tiktok.com\/@biznjp_ecopackaging\"],\"description\":\"Biz Njp is a premier Sustainable Apparel Manufacturer and Eco-Friendly Packaging Supplier serving EU and US brands. Since the 1990s, our factory in Bangladesh has specialized in Custom Jute Bags Wholesale and Private Label Clothing. We bridge the gap between cost-effective sourcing and Western quality standards. Our production includes printed jute bags, organic cotton totes, and corporate uniforms made with Ethical Textile Production. With offices in Portugal and the USA, we handle all export logistics for a seamless supply chain. Whether you need samples or bulk containers, access factory-direct pricing and flexible MOQs. Partner with Biz Njp for reliable, eco-conscious manufacturing. Contact us today.\",\"email\":\"info@biznjp.com\",\"telephone\":\"+46734880968\",\"legalName\":\"Biz Njp\",\"foundingDate\":\"1990-01-01\",\"vatID\":\"000990496-0208\",\"taxID\":\"000990496-0208\",\"numberOfEmployees\":{\"@type\":\"QuantitativeValue\",\"minValue\":\"1001\",\"maxValue\":\"5000\"},\"publishingPrinciples\":\"https:\/\/biznjp.com\/manufacturing-privacy-policy\/\",\"ownershipFundingInfo\":\"https:\/\/biznjp.com\/about-us\/\",\"actionableFeedbackPolicy\":\"https:\/\/biznjp.com\/manufacturing-privacy-policy\/\",\"correctionsPolicy\":\"https:\/\/biznjp.com\/refund-returns\/\",\"ethicsPolicy\":\"https:\/\/biznjp.com\/about-us\/\",\"diversityPolicy\":\"https:\/\/biznjp.com\/our-team\/\",\"diversityStaffingReport\":\"https:\/\/biznjp.com\/our-team\/\"}]}<\/script>\n<!-- \/ Yoast SEO Premium plugin. -->","yoast_head_json":{"title":"Hersteller individueller Tragetaschen | Gro\u00dfhandel f\u00fcr wiederverwendbare Taschen","description":"Beziehen Sie wiederverwendbare Taschen im Gro\u00dfhandel direkt von Biz Njp, unserer 1.500 m\u00b2 gro\u00dfen Produktionsst\u00e4tte f\u00fcr individuell gefertigte Tragetaschen. Wir produzieren Tragetaschen nach Ma\u00df.","robots":{"index":"index","follow":"follow","max-snippet":"max-snippet:-1","max-image-preview":"max-image-preview:large","max-video-preview":"max-video-preview:-1"},"canonical":"https:\/\/biznjp.com\/de\/hersteller-von-masgefertigten-tragetaschen\/","og_locale":"de_DE","og_type":"article","og_title":"Custom Tote Bag Manufacturing Facility","og_description":"Source wholesale reusable bags directly from Biz Njp's 1,500 sqm custom tote bag manufacturing facility. We produce custom totes.","og_url":"https:\/\/biznjp.com\/de\/hersteller-von-masgefertigten-tragetaschen\/","og_site_name":"Biz Njp","article_publisher":"https:\/\/www.facebook.com\/raphsfitness","article_modified_time":"2026-02-21T12:56:49+00:00","og_image":[{"width":2000,"height":1200,"url":"https:\/\/biznjp.com\/wp-content\/uploads\/2026\/01\/Sustainable-Jute-Cotton-Bags-Eco-Friendly-Packaging-Manufacturer-Bangladesh-B2B-Wholesale-for-EU-US-Brands.png","type":"image\/png"}],"twitter_card":"summary_large_image","twitter_site":"@Biznjp_EcoPack","twitter_misc":{"Gesch\u00e4tzte Lesezeit":"3\u00a0Minuten"},"schema":{"@context":"https:\/\/schema.org","@graph":[{"@type":"WebPage","@id":"https:\/\/biznjp.com\/custom-tote-bag-manufacturer\/","url":"https:\/\/biznjp.com\/custom-tote-bag-manufacturer\/","name":"Hersteller individueller Tragetaschen | Gro\u00dfhandel f\u00fcr wiederverwendbare Taschen","isPartOf":{"@id":"https:\/\/biznjp.com\/#website"},"datePublished":"2026-02-21T12:53:06+00:00","dateModified":"2026-02-21T12:56:49+00:00","description":"Beziehen Sie wiederverwendbare Taschen im Gro\u00dfhandel direkt von Biz Njp, unserer 1.500 m\u00b2 gro\u00dfen Produktionsst\u00e4tte f\u00fcr individuell gefertigte Tragetaschen. Wir produzieren Tragetaschen nach Ma\u00df.","breadcrumb":{"@id":"https:\/\/biznjp.com\/custom-tote-bag-manufacturer\/#breadcrumb"},"inLanguage":"de","potentialAction":[{"@type":"ReadAction","target":["https:\/\/biznjp.com\/custom-tote-bag-manufacturer\/"]}]},{"@type":"BreadcrumbList","@id":"https:\/\/biznjp.com\/custom-tote-bag-manufacturer\/#breadcrumb","itemListElement":[{"@type":"ListItem","position":1,"name":"Home","item":"https:\/\/biznjp.com\/"},{"@type":"ListItem","position":2,"name":"Custom Tote Bag Manufacturing Facility"}]},{"@type":"WebSite","@id":"https:\/\/biznjp.com\/#website","url":"https:\/\/biznjp.com\/","name":"Biz Njp: Verpackungen, Bekleidung &amp; Kunsthandwerk","description":"Filato di iuta di qualit\u00e0 CRP da 8 libbre\/1 capo","publisher":{"@id":"https:\/\/biznjp.com\/#organization"},"alternateName":"Biz Njp Manufacturing","potentialAction":[{"@type":"SearchAction","target":{"@type":"EntryPoint","urlTemplate":"https:\/\/biznjp.com\/?s={search_term_string}"},"query-input":{"@type":"PropertyValueSpecification","valueRequired":true,"valueName":"search_term_string"}}],"inLanguage":"de"},{"@type":"Organization","@id":"https:\/\/biznjp.com\/#organization","name":"Biz Njp: Verpackung, Bekleidung und Waren","alternateName":"Biz Njp","url":"https:\/\/biznjp.com\/","logo":{"@type":"ImageObject","inLanguage":"de","@id":"https:\/\/biznjp.com\/#\/schema\/logo\/image\/","url":"https:\/\/biznjp.com\/wp-content\/uploads\/2025\/12\/Biz-Njp-Logo.png","contentUrl":"https:\/\/biznjp.com\/wp-content\/uploads\/2025\/12\/Biz-Njp-Logo.png","width":1563,"height":1563,"caption":"Biz Njp: Packaging, Apparel & Merchandise"},"image":{"@id":"https:\/\/biznjp.com\/#\/schema\/logo\/image\/"},"sameAs":["https:\/\/www.facebook.com\/raphsfitness","https:\/\/x.com\/Biznjp_EcoPack","https:\/\/www.youtube.com\/@BizNJP_SustainablePackaging","https:\/\/www.instagram.com\/biznjp\/","https:\/\/linkedin.com\/company\/biz-njp-sustainable-packaging","https:\/\/se.pinterest.com\/BizNjpJuteSolutions\/","https:\/\/www.tiktok.com\/@biznjp_ecopackaging"],"description":"Biz Njp ist ein f\u00fchrender Hersteller nachhaltiger Bekleidung und Lieferant umweltfreundlicher Verpackungen f\u00fcr Marken in der EU und den USA. Seit den 1990er Jahren ist unsere Fabrik in Bangladesch auf den Gro\u00dfhandel mit individuell gestalteten Jutebeuteln und Private-Label-Bekleidung spezialisiert. Wir schlie\u00dfen die L\u00fccke zwischen kosteng\u00fcnstiger Beschaffung und westlichen Qualit\u00e4tsstandards. Unsere Produktion umfasst bedruckte Jutebeutel, Tragetaschen aus Bio-Baumwolle und Firmenuniformen aus ethisch produzierten Textilien. Mit Niederlassungen in Portugal und den USA \u00fcbernehmen wir die gesamte Exportlogistik f\u00fcr eine reibungslose Lieferkette. Ob Sie Muster oder Gro\u00dfmengen ben\u00f6tigen \u2013 profitieren Sie von Preisen direkt ab Werk und flexiblen Mindestbestellmengen. Setzen Sie auf Biz Njp f\u00fcr eine zuverl\u00e4ssige und umweltbewusste Produktion. Kontaktieren Sie uns noch heute.","email":"info@biznjp.com","telephone":"+46734880968","legalName":"Biz Njp","foundingDate":"1990-01-01","vatID":"000990496-0208","taxID":"000990496-0208","numberOfEmployees":{"@type":"QuantitativeValue","minValue":"1001","maxValue":"5000"},"publishingPrinciples":"https:\/\/biznjp.com\/manufacturing-privacy-policy\/","ownershipFundingInfo":"https:\/\/biznjp.com\/about-us\/","actionableFeedbackPolicy":"https:\/\/biznjp.com\/manufacturing-privacy-policy\/","correctionsPolicy":"https:\/\/biznjp.com\/refund-returns\/","ethicsPolicy":"https:\/\/biznjp.com\/about-us\/","diversityPolicy":"https:\/\/biznjp.com\/our-team\/","diversityStaffingReport":"https:\/\/biznjp.com\/our-team\/"}]}},"_links":{"self":[{"href":"https:\/\/biznjp.com\/de\/wp-json\/wp\/v2\/pages\/1205","targetHints":{"allow":["GET"]}}],"collection":[{"href":"https:\/\/biznjp.com\/de\/wp-json\/wp\/v2\/pages"}],"about":[{"href":"https:\/\/biznjp.com\/de\/wp-json\/wp\/v2\/types\/page"}],"author":[{"embeddable":true,"href":"https:\/\/biznjp.com\/de\/wp-json\/wp\/v2\/users\/1"}],"replies":[{"embeddable":true,"href":"https:\/\/biznjp.com\/de\/wp-json\/wp\/v2\/comments?post=1205"}],"version-history":[{"count":4,"href":"https:\/\/biznjp.com\/de\/wp-json\/wp\/v2\/pages\/1205\/revisions"}],"predecessor-version":[{"id":1209,"href":"https:\/\/biznjp.com\/de\/wp-json\/wp\/v2\/pages\/1205\/revisions\/1209"}],"wp:attachment":[{"href":"https:\/\/biznjp.com\/de\/wp-json\/wp\/v2\/media?parent=1205"}],"curies":[{"name":"wp","href":"https:\/\/api.w.org\/{rel}","templated":true}]}}