{"id":1199,"date":"2026-02-21T13:43:43","date_gmt":"2026-02-21T12:43:43","guid":{"rendered":"https:\/\/biznjp.com\/?page_id=1199"},"modified":"2026-02-21T13:46:18","modified_gmt":"2026-02-21T12:46:18","slug":"industrieller-jute-groshandler-fur-jutesacke","status":"publish","type":"page","link":"https:\/\/biznjp.com\/de\/industrieller-jute-groshandler-fur-jutesacke\/","title":{"rendered":"Industrielle Jutem\u00fchle | Gro\u00dfh\u00e4ndler f\u00fcr Jutes\u00e4cke und Jute"},"content":{"rendered":"<div data-elementor-type=\"wp-page\" data-elementor-id=\"1199\" class=\"elementor elementor-1199\" data-elementor-post-type=\"page\">\n\t\t\t\t<div class=\"elementor-element elementor-element-14d4489a e-flex e-con-boxed e-con e-parent\" data-id=\"14d4489a\" data-element_type=\"container\">\n\t\t\t\t\t<div class=\"e-con-inner\">\n\t\t\t\t<div class=\"elementor-element elementor-element-3b61b045 elementor-widget elementor-widget-text-editor\" data-id=\"3b61b045\" data-element_type=\"widget\" data-widget_type=\"text-editor.default\">\n\t\t\t\t\t\t\t\t\t<p><style>\n    \/* Base Styles *\/\n    :root {\n        --primary-color: #003366;\n        --secondary-color: #0056b3;\n        --background-light: #f4f7fb;\n        --text-main: #333333;\n        --text-muted: #666666;\n    }\n\n    body {\n        font-family: 'Segoe UI', Roboto, Helvetica, Arial, sans-serif;\n        line-height: 1.8;\n        color: var(--text-main);\n        margin: 0;\n        padding: 0;\n        background-color: #ffffff;\n    }\n\n    \/* In-Text Link Styling *\/\n    a.in-text-link {\n        color: var(--secondary-color);\n        text-decoration: none;\n        font-weight: 600;\n        transition: color 0.2s ease;\n    }\n\n    a.in-text-link:hover {\n        color: var(--primary-color);\n        text-decoration: underline;\n    }\n\n    \/* Hero Section *\/\n    .facility-hero {\n        background-color: var(--background-light);\n        padding: 80px 20px;\n        text-align: center;\n        border-bottom: 1px solid #eaeaea;\n    }\n\n    .facility-hero h1 {\n        color: var(--primary-color);\n        font-size: 3rem;\n        margin-bottom: 20px;\n        line-height: 1.2;\n    }\n\n    .facility-hero p.lead {\n        max-width: 900px;\n        margin: 0 auto;\n        font-size: 1.25rem;\n        color: var(--text-muted);\n    }\n\n    .quick-facts {\n        display: flex;\n        justify-content: center;\n        flex-wrap: wrap;\n        gap: 20px;\n        margin-top: 30px;\n    }\n\n    .quick-facts span {\n        background: rgba(0, 86, 179, 0.1);\n        color: var(--secondary-color);\n        padding: 8px 16px;\n        border-radius: 4px;\n        font-weight: 600;\n        font-size: 1rem;\n    }\n\n    \/* Main Content Container *\/\n    .content-container {\n        max-width: 1200px;\n        margin: 60px auto;\n        padding: 0 20px;\n    }\n\n    \/* Text-Wrapped Image Styling *\/\n    .image-wrapper {\n        float: right;\n        width: 45%;\n        margin: 0 0 30px 40px;\n    }\n\n    .featured-image {\n        width: 100%;\n        height: auto;\n        border-radius: 8px;\n        box-shadow: 0 4px 15px rgba(0,0,0,0.1);\n        display: block;\n    }\n\n    \/* Text Layouts *\/\n    .text-section {\n        margin-bottom: 50px;\n    }\n\n    .text-section h2 {\n        color: var(--primary-color);\n        font-size: 2.2rem;\n        margin-bottom: 20px;\n        border-bottom: 3px solid var(--secondary-color);\n        display: inline-block;\n        padding-bottom: 5px;\n    }\n\n    .text-section h3 {\n        color: var(--primary-color);\n        font-size: 1.5rem;\n        margin-top: 30px;\n        margin-bottom: 15px;\n    }\n\n    .text-section p {\n        font-size: 1.1rem;\n        margin-bottom: 20px;\n    }\n\n    \/* Clearfix for Text Sections *\/\n    .clearfix::after {\n        content: \"\";\n        clear: both;\n        display: table;\n    }\n\n    \/* Two Column Grid for Capabilities *\/\n    .capabilities-grid {\n        display: grid;\n        grid-template-columns: repeat(auto-fit, minmax(450px, 1fr));\n        gap: 40px;\n        margin-top: 40px;\n        margin-bottom: 60px;\n        clear: both; \/* Forces grid below the floating image *\/\n    }\n\n    .capability-box {\n        background: var(--background-light);\n        padding: 30px;\n        border-radius: 8px;\n        border-left: 5px solid var(--secondary-color);\n    }\n\n    .capability-box h4 {\n        color: var(--primary-color);\n        font-size: 1.3rem;\n        margin-top: 0;\n        margin-bottom: 15px;\n    }\n\n    .capability-box p {\n        font-size: 1.05rem;\n        margin-bottom: 0;\n    }\n\n    \/* Call to Action *\/\n    .cta-section {\n        background-color: var(--primary-color);\n        color: #ffffff;\n        text-align: center;\n        padding: 80px 20px;\n        margin-top: 60px;\n        clear: both;\n    }\n\n    .cta-section h2 {\n        margin-top: 0;\n        font-size: 2.5rem;\n    }\n\n    .cta-button {\n        display: inline-block;\n        margin-top: 30px;\n        padding: 18px 40px;\n        background-color: var(--secondary-color);\n        color: #ffffff;\n        text-decoration: none;\n        font-size: 1.1rem;\n        font-weight: bold;\n        border-radius: 5px;\n        transition: background-color 0.3s;\n    }\n\n    .cta-button:hover {\n        background-color: #004494;\n    }\n\n    \/* Responsive Design for Mobile *\/\n    @media (max-width: 900px) {\n        .image-wrapper {\n            float: none;\n            width: 100%;\n            margin: 0 0 30px 0;\n        }\n    }\n\n    @media (max-width: 768px) {\n        .facility-hero h1 { font-size: 2.2rem; }\n        .capabilities-grid { grid-template-columns: 1fr; }\n    }\n<\/style><\/p>\n<section class=\"facility-hero\">\n<h1>Die Jute-Spinnerei: Von der industriellen Faser zur Stoffherstellung<\/h1>\n<p class=\"lead\">Als gr\u00f6\u00dfter Standort innerhalb unseres <a class=\"in-text-link\" href=\"https:\/\/biznjp.com\/de\/kundenspezifische-fertigungsanlagen\/\">kundenspezifische Fertigungsanlagen<\/a>Die vertikal integrierte Jute-Fabrik von Biz Njp verarbeitet rohe Goldfasern zu hochwertigen Jutes\u00e4cken f\u00fcr den Gro\u00dfhandel, robusten Bindf\u00e4den und nachhaltigen Industrietextilien.<\/p>\n<div class=\"quick-facts\">Gegr\u00fcndet: 1990; Anlagengr\u00f6\u00dfe: 12.000 m\u00b2; Schwerpunkt: Rohjuteverarbeitung &amp; \u00d6ko-Textilien<\/div>\n<\/section>\n<div class=\"content-container clearfix\">\n<div class=\"text-section\">\n<h2>Unser Erbe in der nachhaltigen Produktion<\/h2>\n<p>Unsere 1990 gegr\u00fcndete, 12.000 Quadratmeter gro\u00dfe Jute-Spinnerei ist das Herzst\u00fcck der umweltfreundlichen Produktion von Biz Njp. In einer Branche, die von Zwischenh\u00e4ndlern und H\u00e4ndlern gepr\u00e4gt ist, heben wir uns als vollst\u00e4ndig vertikal integrierter Hersteller ab. Wir schneiden und n\u00e4hen nicht einfach nur zugekaufte Stoffe, sondern kontrollieren den gesamten Lebenszyklus des Materials direkt in unserer Fabrik.<\/p>\n<p>Vom Moment der Anlieferung der rohen, nat\u00fcrlichen Jutefasern an unsere Laderampen bis hin zu den komplexen Prozessen des Mischens, Kardierens, Streckens, Spinnens und Webens \u2013 alles in unserem Werk. Da wir die Rohfasern im eigenen Haus verarbeiten, k\u00f6nnen wir den Feuchtigkeitsgehalt, die Zugfestigkeit und die Webdichte unserer Produkte pr\u00e4zise \u00fcberwachen. Dieser praxisorientierte Ansatz erm\u00f6glicht es uns, vollst\u00e4ndig biologisch abbaubare und \u00e4u\u00dferst strapazierf\u00e4hige Verpackungsl\u00f6sungen zu wettbewerbsf\u00e4higen Gro\u00dfhandelspreisen f\u00fcr den Weltmarkt herzustellen.<\/p>\n<\/div>\n<div class=\"text-section\">\n<h3>Der Herstellungsprozess<\/h3>\n<p><strong>1. B\u00fcndeln &amp; Kardieren:<\/strong> Rohe Juterohre werden aufgeweicht und durch schwere Brecherkarten verarbeitet, um die Naturfasern zu entwirren und zu durchgehenden B\u00e4ndern, sogenannten \u201eSlivers\u201c, auszurichten.<\/p>\n<p><strong>2. Zeichnen &amp; Drehen:<\/strong> Die Faserb\u00e4nder werden auf die erforderliche Dicke ausgezogen und auf unseren automatisierten Spinnmaschinen zu hochfestem Garn versponnen, wodurch eine gleichm\u00e4\u00dfige Festigkeit auf jeder Spule gew\u00e4hrleistet wird.<\/p>\n<p><strong>3. Weben &amp; Veredeln:<\/strong> Das gesponnene Garn wird in unsere industrielle Weberei transportiert, wo es zu Jutegewebe unterschiedlicher Qualit\u00e4t verwebt wird. Anschlie\u00dfend wird der Stoff kalandriert (geb\u00fcgelt), um eine glatte Oberfl\u00e4che zu erzielen, bevor er zugeschnitten und zu individuellen Verpackungen vern\u00e4ht wird.<\/p>\n<\/div>\n<div class=\"text-section clearfix\">\n<h2>Kernkompetenzen des Walzwerks<\/h2>\n<p>Von der Schwerlastlogistik f\u00fcr die Landwirtschaft bis hin zu ma\u00dfgeschneiderten Einzelhandelsverpackungen ist unsere Produktionshalle mit Industriewebst\u00fchlen und Spinnmaschinen ausgestattet, die in der Lage sind, vielf\u00e4ltige und umfangreiche Sonderauftr\u00e4ge zu bearbeiten.<\/p>\n<div class=\"capabilities-grid\">\n<div class=\"capability-box\">\n<h4>Hochwertige Jutes\u00e4cke im Gro\u00dfhandel<\/h4>\n<p>Wir fertigen lebensmittel- und industrietaugliche Jutes\u00e4cke, die sich durch optimale Atmungsaktivit\u00e4t und Rei\u00dffestigkeit auszeichnen. Ob Sie Verpackungen f\u00fcr Kaffeebohnen, Kartoffeln oder Baumaterialien ben\u00f6tigen \u2013 unsere Weberei fertigt individuelle Abmessungen nach Ihren genauen Vorgaben. Entdecken Sie unser Angebot. <a class=\"in-text-link\" href=\"https:\/\/biznjp.com\/de\/featured_item\/premium-jute-burlap-sack-collection-wholesale-industrial-agricultural-custom-bags\/\">Premium-Jute-Sackkollektion<\/a> Um sich von unserer erstklassigen Fertigungsqualit\u00e4t zu \u00fcberzeugen.<\/p>\n<\/div>\n<div class=\"capability-box\">\n<h4>Agrar-Gro\u00dfverpackungen<\/h4>\n<p>Naturjute ist aufgrund ihrer F\u00e4higkeit, Feuchtigkeitsansammlungen und Ernteausf\u00e4lle zu verhindern, die bevorzugte Wahl f\u00fcr landwirtschaftliche Lieferketten. F\u00fcr einen detaillierten Einblick, wie unsere M\u00fchle die Landwirtschaft im gro\u00dfen Stil und die Logistik im Handel unterst\u00fctzt, lesen Sie unsere umfassende Studie. <a class=\"in-text-link\" href=\"https:\/\/biznjp.com\/de\/wholesale-jute-sacks-for-industrial-and-agricultural-packaging-sustainable-bulk-supply-2026-guide\/\">Leitfaden 2026 f\u00fcr Jutes\u00e4cke im Gro\u00dfhandel f\u00fcr industrielle und landwirtschaftliche Verpackungen<\/a>.<\/p>\n<\/div>\n<div class=\"capability-box\">\n<h4>Rohes Jutegarn, Bindfaden und Seile<\/h4>\n<p>Unsere Spinnerei verarbeitet Rohjute zu hochfestem Garn, robusten Bindf\u00e4den und Industrieseilen. Wir bieten verschiedene Garnst\u00e4rken und -dicken an (von feinen 2-f\u00e4digen Bindf\u00e4den bis hin zu dicken Mehrstrangseilen), wodurch sich unsere Juteprodukte ideal f\u00fcr die B\u00fcndelung in der Landwirtschaft, die gewerbliche Landschaftsgestaltung und den Schwerlasttransport eignen.<\/p>\n<\/div>\n<div class=\"capability-box\">\n<h4>Ma\u00dfgefertigte Webmatten &amp; \u00d6ko-Textilien<\/h4>\n<p>Neben herk\u00f6mmlichen Verpackungsmaterialien stellt unser Werk industrielle Jutegewebe (Sackleinen) her, die als Rollenware verkauft werden. Wir produzieren au\u00dferdem gewebte Juteb\u00e4nder, Matten zur Erosionskontrolle, Geotextilien f\u00fcr den gewerblichen Landschaftsbau sowie kundenspezifische Naturstoffe f\u00fcr den Haushaltswaren- und Einzelhandelsbereich.<\/p>\n<\/div>\n<\/div>\n<\/div>\n<div class=\"text-section\">\n<h2>100 % biologisch abbaubar \u2013 Qualit\u00e4tskontrolle<\/h2>\n<p>Da weltweit die Vorschriften f\u00fcr Einwegplastik immer strenger werden, ist die Nachfrage nach nachhaltigen Alternativen sprunghaft angestiegen. Unsere Jutefabrik arbeitet nach strengen Umweltauflagen. Jeder Sack, jede Schnur und jede Stoffrolle, die unser 12.000 m\u00b2 gro\u00dfes Werk verl\u00e4sst, ist zu 100 % biologisch abbaubar, kompostierbar und klimaneutral.<\/p>\n<p>Damit Ihre nachhaltigen Produkte auch in puncto Langlebigkeit keine Kompromisse eingehen, pr\u00fcft unser engagiertes Qualit\u00e4tskontrollteam jede Produktionscharge. Wir wenden strenge Testverfahren an, um die Gleichm\u00e4\u00dfigkeit des Gewebes, die Belastbarkeit und die Nahtintegrit\u00e4t zu \u00fcberpr\u00fcfen, bevor eine Charge f\u00fcr den Export freigegeben wird.<\/p>\n<\/div>\n<div class=\"text-section\">\n<h2>Globale Export- und Massengutlogistik<\/h2>\n<p>Biz Njp ist nicht nur ein Hersteller, sondern auch ein erfahrener globaler Exporteur. Unsere Jute-Fabrik ist mit Hochleistungs-Hydraulikpressen ausgestattet, die Tausende von Jutes\u00e4cken zu dichten, eisengebundenen Ballen verpressen. Dadurch wird der Containerraum optimal genutzt und die Frachtkosten f\u00fcr unsere internationalen B2B-Kunden deutlich gesenkt. Ob Sie eine einzelne Palette individuell bedruckter Kaffees\u00e4cke oder mehrere 40-Fu\u00df-Container mit Agrargarn ben\u00f6tigen \u2013 unser Logistikteam sorgt f\u00fcr eine reibungslose und p\u00fcnktliche Lieferung zu Ihrem Wunschhafen.<\/p>\n<\/div>\n<\/div>\n<section class=\"cta-section\">\n<h2>Direkt vom Hersteller<\/h2>\n<p style=\"font-size: 1.2rem; max-width: 700px; margin: 0 auto;\">Sichern Sie sich eine zuverl\u00e4ssige und nachhaltige Gro\u00dflieferung, indem Sie den Zwischenh\u00e4ndler umgehen. Kontaktieren Sie noch heute das Produktionsteam von Biz Njp, um Gro\u00dfhandelspreise, individuelle Bedruckung und Lieferzeiten f\u00fcr Ihre n\u00e4chste Jute-Bestellung zu besprechen.<\/p>\n<a class=\"cta-button\" href=\"\/de\/contact\/\">Fordern Sie ein individuelles Produktionsangebot an<\/a><\/section>\t\t\t\t\t\t\t\t<\/div>\n\t\t\t\t\t<\/div>\n\t\t\t\t<\/div>\n\t\t\t\t<\/div>","protected":false},"excerpt":{"rendered":"<p>The Jute Mill: Industrial Fiber to Fabric Manufacturing As the largest site within our custom manufacturing facilities, Biz Njp&#8217;s vertically integrated Jute Mill processes raw golden fiber into premium wholesale burlap sacks, heavy-duty twines, and sustainable industrial textiles. Founded: 1990Facility Size: 12,000 sqmFocus: Raw Jute Processing &amp; Eco-Textiles Our Heritage in Sustainable Production Established in [&#8230;]","protected":false},"author":1,"featured_media":0,"parent":0,"menu_order":0,"comment_status":"closed","ping_status":"closed","template":"","meta":{"footnotes":""},"class_list":["post-1199","page","type-page","status-publish","hentry"],"yoast_head":"<!-- This site is optimized with the Yoast SEO Premium plugin v26.6 (Yoast SEO v26.6) - https:\/\/yoast.com\/wordpress\/plugins\/seo\/ -->\n<title>Industrial Jute Mill &amp; Burlap Sack Manufacturer | Biz Njp<\/title>\n<meta name=\"description\" content=\"Source directly from Biz Njp&#039;s 12,000 sqm industrial Jute Mill. We manufacture wholesale burlap sacks, spun yarn, and eco-textiles.\" \/>\n<meta name=\"robots\" content=\"index, follow, max-snippet:-1, max-image-preview:large, max-video-preview:-1\" \/>\n<link rel=\"canonical\" href=\"https:\/\/biznjp.com\/de\/industrieller-jute-groshandler-fur-jutesacke\/\" \/>\n<meta property=\"og:locale\" content=\"de_DE\" \/>\n<meta property=\"og:type\" content=\"article\" \/>\n<meta property=\"og:title\" content=\"Industrial Jute Mill | Wholesale Burlap Sacks &amp; Jute Manufacturer\" \/>\n<meta property=\"og:description\" content=\"Source directly from Biz Njp&#039;s 12,000 sqm industrial Jute Mill. We manufacture wholesale burlap sacks, spun yarn, and eco-textiles.\" \/>\n<meta property=\"og:url\" content=\"https:\/\/biznjp.com\/de\/industrieller-jute-groshandler-fur-jutesacke\/\" \/>\n<meta property=\"og:site_name\" content=\"Biz Njp\" \/>\n<meta property=\"article:publisher\" content=\"https:\/\/www.facebook.com\/raphsfitness\" \/>\n<meta property=\"article:modified_time\" content=\"2026-02-21T12:46:18+00:00\" \/>\n<meta property=\"og:image\" content=\"https:\/\/biznjp.com\/wp-content\/uploads\/2026\/01\/Sustainable-Jute-Cotton-Bags-Eco-Friendly-Packaging-Manufacturer-Bangladesh-B2B-Wholesale-for-EU-US-Brands.png\" \/>\n\t<meta property=\"og:image:width\" content=\"2000\" \/>\n\t<meta property=\"og:image:height\" content=\"1200\" \/>\n\t<meta property=\"og:image:type\" content=\"image\/png\" \/>\n<meta name=\"twitter:card\" content=\"summary_large_image\" \/>\n<meta name=\"twitter:site\" content=\"@Biznjp_EcoPack\" \/>\n<meta name=\"twitter:label1\" content=\"Gesch\u00e4tzte Lesezeit\" \/>\n\t<meta name=\"twitter:data1\" content=\"4\u00a0Minuten\" \/>\n<script type=\"application\/ld+json\" class=\"yoast-schema-graph\">{\"@context\":\"https:\/\/schema.org\",\"@graph\":[{\"@type\":\"WebPage\",\"@id\":\"https:\/\/biznjp.com\/industrial-jute-mill-wholesale-burlap-sack-manufacturer\/\",\"url\":\"https:\/\/biznjp.com\/industrial-jute-mill-wholesale-burlap-sack-manufacturer\/\",\"name\":\"Industrial Jute Mill & Burlap Sack Manufacturer | Biz Njp\",\"isPartOf\":{\"@id\":\"https:\/\/biznjp.com\/#website\"},\"datePublished\":\"2026-02-21T12:43:43+00:00\",\"dateModified\":\"2026-02-21T12:46:18+00:00\",\"description\":\"Source directly from Biz Njp's 12,000 sqm industrial Jute Mill. We manufacture wholesale burlap sacks, spun yarn, and eco-textiles.\",\"breadcrumb\":{\"@id\":\"https:\/\/biznjp.com\/industrial-jute-mill-wholesale-burlap-sack-manufacturer\/#breadcrumb\"},\"inLanguage\":\"de\",\"potentialAction\":[{\"@type\":\"ReadAction\",\"target\":[\"https:\/\/biznjp.com\/industrial-jute-mill-wholesale-burlap-sack-manufacturer\/\"]}]},{\"@type\":\"BreadcrumbList\",\"@id\":\"https:\/\/biznjp.com\/industrial-jute-mill-wholesale-burlap-sack-manufacturer\/#breadcrumb\",\"itemListElement\":[{\"@type\":\"ListItem\",\"position\":1,\"name\":\"Home\",\"item\":\"https:\/\/biznjp.com\/\"},{\"@type\":\"ListItem\",\"position\":2,\"name\":\"Industrial Jute Mill | Wholesale Burlap Sacks &#038; Jute Manufacturer\"}]},{\"@type\":\"WebSite\",\"@id\":\"https:\/\/biznjp.com\/#website\",\"url\":\"https:\/\/biznjp.com\/\",\"name\":\"Biz Njp: Packaging, Apparel & Handicrafts\",\"description\":\"Sustainable Jute &amp; Cotton Bags, Eco-Friendly Packaging Manufacturer Bangladesh | B2B Wholesale for EU &amp; US Brands\",\"publisher\":{\"@id\":\"https:\/\/biznjp.com\/#organization\"},\"alternateName\":\"Biz Njp Manufacturing\",\"potentialAction\":[{\"@type\":\"SearchAction\",\"target\":{\"@type\":\"EntryPoint\",\"urlTemplate\":\"https:\/\/biznjp.com\/?s={search_term_string}\"},\"query-input\":{\"@type\":\"PropertyValueSpecification\",\"valueRequired\":true,\"valueName\":\"search_term_string\"}}],\"inLanguage\":\"de\"},{\"@type\":\"Organization\",\"@id\":\"https:\/\/biznjp.com\/#organization\",\"name\":\"Biz Njp: Packaging, Apparel & Merchandise\",\"alternateName\":\"Biz Njp\",\"url\":\"https:\/\/biznjp.com\/\",\"logo\":{\"@type\":\"ImageObject\",\"inLanguage\":\"de\",\"@id\":\"https:\/\/biznjp.com\/#\/schema\/logo\/image\/\",\"url\":\"https:\/\/biznjp.com\/wp-content\/uploads\/2025\/12\/Biz-Njp-Logo.png\",\"contentUrl\":\"https:\/\/biznjp.com\/wp-content\/uploads\/2025\/12\/Biz-Njp-Logo.png\",\"width\":1563,\"height\":1563,\"caption\":\"Biz Njp: Packaging, Apparel & Merchandise\"},\"image\":{\"@id\":\"https:\/\/biznjp.com\/#\/schema\/logo\/image\/\"},\"sameAs\":[\"https:\/\/www.facebook.com\/raphsfitness\",\"https:\/\/x.com\/Biznjp_EcoPack\",\"https:\/\/www.youtube.com\/@BizNJP_SustainablePackaging\",\"https:\/\/www.instagram.com\/biznjp\/\",\"https:\/\/linkedin.com\/company\/biz-njp-sustainable-packaging\",\"https:\/\/se.pinterest.com\/BizNjpJuteSolutions\/\",\"https:\/\/www.tiktok.com\/@biznjp_ecopackaging\"],\"description\":\"Biz Njp is a premier Sustainable Apparel Manufacturer and Eco-Friendly Packaging Supplier serving EU and US brands. Since the 1990s, our factory in Bangladesh has specialized in Custom Jute Bags Wholesale and Private Label Clothing. We bridge the gap between cost-effective sourcing and Western quality standards. Our production includes printed jute bags, organic cotton totes, and corporate uniforms made with Ethical Textile Production. With offices in Portugal and the USA, we handle all export logistics for a seamless supply chain. Whether you need samples or bulk containers, access factory-direct pricing and flexible MOQs. Partner with Biz Njp for reliable, eco-conscious manufacturing. Contact us today.\",\"email\":\"info@biznjp.com\",\"telephone\":\"+46734880968\",\"legalName\":\"Biz Njp\",\"foundingDate\":\"1990-01-01\",\"vatID\":\"000990496-0208\",\"taxID\":\"000990496-0208\",\"numberOfEmployees\":{\"@type\":\"QuantitativeValue\",\"minValue\":\"1001\",\"maxValue\":\"5000\"},\"publishingPrinciples\":\"https:\/\/biznjp.com\/manufacturing-privacy-policy\/\",\"ownershipFundingInfo\":\"https:\/\/biznjp.com\/about-us\/\",\"actionableFeedbackPolicy\":\"https:\/\/biznjp.com\/manufacturing-privacy-policy\/\",\"correctionsPolicy\":\"https:\/\/biznjp.com\/refund-returns\/\",\"ethicsPolicy\":\"https:\/\/biznjp.com\/about-us\/\",\"diversityPolicy\":\"https:\/\/biznjp.com\/our-team\/\",\"diversityStaffingReport\":\"https:\/\/biznjp.com\/our-team\/\"}]}<\/script>\n<!-- \/ Yoast SEO Premium plugin. -->","yoast_head_json":{"title":"Industrielle Jute- und Sackleinenfabrik | Biz Njp","description":"Direktbezug aus der 12.000 m\u00b2 gro\u00dfen industriellen Jute-Spinnerei von Biz Njp. Wir produzieren Jutes\u00e4cke f\u00fcr den Gro\u00dfhandel, Spinngarn und \u00d6ko-Textilien.","robots":{"index":"index","follow":"follow","max-snippet":"max-snippet:-1","max-image-preview":"max-image-preview:large","max-video-preview":"max-video-preview:-1"},"canonical":"https:\/\/biznjp.com\/de\/industrieller-jute-groshandler-fur-jutesacke\/","og_locale":"de_DE","og_type":"article","og_title":"Industrial Jute Mill | Wholesale Burlap Sacks & Jute Manufacturer","og_description":"Source directly from Biz Njp's 12,000 sqm industrial Jute Mill. We manufacture wholesale burlap sacks, spun yarn, and eco-textiles.","og_url":"https:\/\/biznjp.com\/de\/industrieller-jute-groshandler-fur-jutesacke\/","og_site_name":"Biz Njp","article_publisher":"https:\/\/www.facebook.com\/raphsfitness","article_modified_time":"2026-02-21T12:46:18+00:00","og_image":[{"width":2000,"height":1200,"url":"https:\/\/biznjp.com\/wp-content\/uploads\/2026\/01\/Sustainable-Jute-Cotton-Bags-Eco-Friendly-Packaging-Manufacturer-Bangladesh-B2B-Wholesale-for-EU-US-Brands.png","type":"image\/png"}],"twitter_card":"summary_large_image","twitter_site":"@Biznjp_EcoPack","twitter_misc":{"Gesch\u00e4tzte Lesezeit":"4\u00a0Minuten"},"schema":{"@context":"https:\/\/schema.org","@graph":[{"@type":"WebPage","@id":"https:\/\/biznjp.com\/industrial-jute-mill-wholesale-burlap-sack-manufacturer\/","url":"https:\/\/biznjp.com\/industrial-jute-mill-wholesale-burlap-sack-manufacturer\/","name":"Industrielle Jute- und Sackleinenfabrik | Biz Njp","isPartOf":{"@id":"https:\/\/biznjp.com\/#website"},"datePublished":"2026-02-21T12:43:43+00:00","dateModified":"2026-02-21T12:46:18+00:00","description":"Direktbezug aus der 12.000 m\u00b2 gro\u00dfen industriellen Jute-Spinnerei von Biz Njp. Wir produzieren Jutes\u00e4cke f\u00fcr den Gro\u00dfhandel, Spinngarn und \u00d6ko-Textilien.","breadcrumb":{"@id":"https:\/\/biznjp.com\/industrial-jute-mill-wholesale-burlap-sack-manufacturer\/#breadcrumb"},"inLanguage":"de","potentialAction":[{"@type":"ReadAction","target":["https:\/\/biznjp.com\/industrial-jute-mill-wholesale-burlap-sack-manufacturer\/"]}]},{"@type":"BreadcrumbList","@id":"https:\/\/biznjp.com\/industrial-jute-mill-wholesale-burlap-sack-manufacturer\/#breadcrumb","itemListElement":[{"@type":"ListItem","position":1,"name":"Home","item":"https:\/\/biznjp.com\/"},{"@type":"ListItem","position":2,"name":"Industrial Jute Mill | Wholesale Burlap Sacks &#038; Jute Manufacturer"}]},{"@type":"WebSite","@id":"https:\/\/biznjp.com\/#website","url":"https:\/\/biznjp.com\/","name":"Biz Njp: Verpackungen, Bekleidung &amp; Kunsthandwerk","description":"Filato di iuta di qualit\u00e0 CRP da 8 libbre\/1 capo","publisher":{"@id":"https:\/\/biznjp.com\/#organization"},"alternateName":"Biz Njp Manufacturing","potentialAction":[{"@type":"SearchAction","target":{"@type":"EntryPoint","urlTemplate":"https:\/\/biznjp.com\/?s={search_term_string}"},"query-input":{"@type":"PropertyValueSpecification","valueRequired":true,"valueName":"search_term_string"}}],"inLanguage":"de"},{"@type":"Organization","@id":"https:\/\/biznjp.com\/#organization","name":"Biz Njp: Verpackung, Bekleidung und Waren","alternateName":"Biz Njp","url":"https:\/\/biznjp.com\/","logo":{"@type":"ImageObject","inLanguage":"de","@id":"https:\/\/biznjp.com\/#\/schema\/logo\/image\/","url":"https:\/\/biznjp.com\/wp-content\/uploads\/2025\/12\/Biz-Njp-Logo.png","contentUrl":"https:\/\/biznjp.com\/wp-content\/uploads\/2025\/12\/Biz-Njp-Logo.png","width":1563,"height":1563,"caption":"Biz Njp: Packaging, Apparel & Merchandise"},"image":{"@id":"https:\/\/biznjp.com\/#\/schema\/logo\/image\/"},"sameAs":["https:\/\/www.facebook.com\/raphsfitness","https:\/\/x.com\/Biznjp_EcoPack","https:\/\/www.youtube.com\/@BizNJP_SustainablePackaging","https:\/\/www.instagram.com\/biznjp\/","https:\/\/linkedin.com\/company\/biz-njp-sustainable-packaging","https:\/\/se.pinterest.com\/BizNjpJuteSolutions\/","https:\/\/www.tiktok.com\/@biznjp_ecopackaging"],"description":"Biz Njp ist ein f\u00fchrender Hersteller nachhaltiger Bekleidung und Lieferant umweltfreundlicher Verpackungen f\u00fcr Marken in der EU und den USA. Seit den 1990er Jahren ist unsere Fabrik in Bangladesch auf den Gro\u00dfhandel mit individuell gestalteten Jutebeuteln und Private-Label-Bekleidung spezialisiert. Wir schlie\u00dfen die L\u00fccke zwischen kosteng\u00fcnstiger Beschaffung und westlichen Qualit\u00e4tsstandards. Unsere Produktion umfasst bedruckte Jutebeutel, Tragetaschen aus Bio-Baumwolle und Firmenuniformen aus ethisch produzierten Textilien. Mit Niederlassungen in Portugal und den USA \u00fcbernehmen wir die gesamte Exportlogistik f\u00fcr eine reibungslose Lieferkette. Ob Sie Muster oder Gro\u00dfmengen ben\u00f6tigen \u2013 profitieren Sie von Preisen direkt ab Werk und flexiblen Mindestbestellmengen. Setzen Sie auf Biz Njp f\u00fcr eine zuverl\u00e4ssige und umweltbewusste Produktion. Kontaktieren Sie uns noch heute.","email":"info@biznjp.com","telephone":"+46734880968","legalName":"Biz Njp","foundingDate":"1990-01-01","vatID":"000990496-0208","taxID":"000990496-0208","numberOfEmployees":{"@type":"QuantitativeValue","minValue":"1001","maxValue":"5000"},"publishingPrinciples":"https:\/\/biznjp.com\/manufacturing-privacy-policy\/","ownershipFundingInfo":"https:\/\/biznjp.com\/about-us\/","actionableFeedbackPolicy":"https:\/\/biznjp.com\/manufacturing-privacy-policy\/","correctionsPolicy":"https:\/\/biznjp.com\/refund-returns\/","ethicsPolicy":"https:\/\/biznjp.com\/about-us\/","diversityPolicy":"https:\/\/biznjp.com\/our-team\/","diversityStaffingReport":"https:\/\/biznjp.com\/our-team\/"}]}},"_links":{"self":[{"href":"https:\/\/biznjp.com\/de\/wp-json\/wp\/v2\/pages\/1199","targetHints":{"allow":["GET"]}}],"collection":[{"href":"https:\/\/biznjp.com\/de\/wp-json\/wp\/v2\/pages"}],"about":[{"href":"https:\/\/biznjp.com\/de\/wp-json\/wp\/v2\/types\/page"}],"author":[{"embeddable":true,"href":"https:\/\/biznjp.com\/de\/wp-json\/wp\/v2\/users\/1"}],"replies":[{"embeddable":true,"href":"https:\/\/biznjp.com\/de\/wp-json\/wp\/v2\/comments?post=1199"}],"version-history":[{"count":4,"href":"https:\/\/biznjp.com\/de\/wp-json\/wp\/v2\/pages\/1199\/revisions"}],"predecessor-version":[{"id":1204,"href":"https:\/\/biznjp.com\/de\/wp-json\/wp\/v2\/pages\/1199\/revisions\/1204"}],"wp:attachment":[{"href":"https:\/\/biznjp.com\/de\/wp-json\/wp\/v2\/media?parent=1199"}],"curies":[{"name":"wp","href":"https:\/\/api.w.org\/{rel}","templated":true}]}}